{"id":3402,"date":"2020-11-20T11:40:23","date_gmt":"2020-11-20T10:40:23","guid":{"rendered":"https:\/\/novaweb.oller-pintures.c.wetopi.com\/?page_id=3402"},"modified":"2025-09-23T11:56:59","modified_gmt":"2025-09-23T10:56:59","slug":"pintures-professionals-industria-administracio-publica-bricolatge","status":"publish","type":"page","link":"https:\/\/ollerpintures.com\/ca\/pintures-professionals-industria-administracio-publica-bricolatge\/","title":{"rendered":"Pintures per a professionals, ind\u00fastries, obres p\u00fabliques i bricolatge"},"content":{"rendered":"\n<p>El nostre origen pintor ens avala. Des de 1966,&nbsp;posem a la disposici\u00f3 dels nostres clients un servei de qualitat per satisfer tot tipus de necessitats en relaci\u00f3 amb el m\u00f3n de la pintura, tant a nivell professional, com tamb\u00e9 industrial i administratiu. A m\u00e9s, la gran varietat de productes que oferim obren un ventall de possibilitats incre\u00efbles al bricolatge.<\/p>\n\n\n\n<p>Un equip de personal expert, qualificat i cont\u00ednuament en formaci\u00f3 fa que l\u2019experi\u00e8ncia amb Oller sigui \u00fanica, \u00e9s a dir, amb un tracte proper i personalitzat, rapidesa i prescripci\u00f3. &nbsp;<\/p>\n\n\n\n<div style=\"height:10px\" aria-hidden=\"true\" class=\"wp-block-spacer\"><\/div>\n\n\n\n<div class=\"wp-block-columns apartats-inici is-layout-flex wp-container-core-columns-is-layout-9d6595d7 wp-block-columns-is-layout-flex\">\n<div class=\"wp-block-column professionals is-layout-flow wp-block-column-is-layout-flow\">\n<figure class=\"wp-block-image size-large\"><img decoding=\"async\" width=\"600\" height=\"429\" src=\"https:\/\/ollerpintures.com\/wp-content\/uploads\/2020\/12\/pintura-pintors-professionals.jpg\" alt=\"\" class=\"wp-image-3797\" srcset=\"https:\/\/ollerpintures.com\/wp-content\/uploads\/2020\/12\/pintura-pintors-professionals.jpg 600w, https:\/\/ollerpintures.com\/wp-content\/uploads\/2020\/12\/pintura-pintors-professionals-400x286.jpg 400w\" sizes=\"(max-width: 600px) 100vw, 600px\" \/><\/figure>\n\n\n\n<div class=\"wp-block-buttons is-layout-flex wp-block-buttons-is-layout-flex\">\n<div class=\"wp-block-button\"><a class=\"wp-block-button__link no-border-radius wp-element-button\" href=\"\/ca\/pintures-per-a-professionals\/\" rel=\"\">PROFESSIONALS<\/a><\/div>\n<\/div>\n\n\n\n<h2 class=\"wp-block-heading has-normal-font-size\">Per tu, pintor, tenim les eines, productes, assessorament i prescripci\u00f3 que necessites per dur a terme la teva activitat de la millor manera.<\/h2>\n<\/div>\n\n\n\n<div class=\"wp-block-column industria is-layout-flow wp-block-column-is-layout-flow\">\n<figure class=\"wp-block-image size-large\"><img decoding=\"async\" width=\"600\" height=\"429\" src=\"https:\/\/ollerpintures.com\/wp-content\/uploads\/2020\/12\/pintura-industria.jpg\" alt=\"\" class=\"wp-image-3791\" srcset=\"https:\/\/ollerpintures.com\/wp-content\/uploads\/2020\/12\/pintura-industria.jpg 600w, https:\/\/ollerpintures.com\/wp-content\/uploads\/2020\/12\/pintura-industria-400x286.jpg 400w\" sizes=\"(max-width: 600px) 100vw, 600px\" \/><\/figure>\n\n\n\n<div class=\"wp-block-buttons is-layout-flex wp-block-buttons-is-layout-flex\">\n<div class=\"wp-block-button\"><a class=\"wp-block-button__link no-border-radius wp-element-button\" href=\"\/ca\/pintures-industrials\/\" rel=\"\">ind\u00fastria<\/a><\/div>\n<\/div>\n\n\n\n<h2 class=\"wp-block-heading has-normal-font-size\">Pintures i revestiments pel Manteniment, Producci\u00f3 o Paviments en ind\u00fastries. Pintures espec\u00edfiques: amb certificat alimentari o sanitari, ign\u00edfugues, anticorrosives, etc.<\/h2>\n<\/div>\n\n\n\n<div class=\"wp-block-column administracio is-layout-flow wp-block-column-is-layout-flow\">\n<figure class=\"wp-block-image size-large\"><img decoding=\"async\" width=\"600\" height=\"429\" src=\"https:\/\/ollerpintures.com\/wp-content\/uploads\/2020\/12\/pintura-professional-administracio-publica.jpg\" alt=\"\" class=\"wp-image-3801\" srcset=\"https:\/\/ollerpintures.com\/wp-content\/uploads\/2020\/12\/pintura-professional-administracio-publica.jpg 600w, https:\/\/ollerpintures.com\/wp-content\/uploads\/2020\/12\/pintura-professional-administracio-publica-400x286.jpg 400w\" sizes=\"(max-width: 600px) 100vw, 600px\" \/><\/figure>\n\n\n\n<div class=\"wp-block-buttons is-layout-flex wp-block-buttons-is-layout-flex\">\n<div class=\"wp-block-button\"><a class=\"wp-block-button__link no-border-radius wp-element-button\" href=\"\/ca\/pintures-per-a-obres-publiques\/\" rel=\"\">administraci\u00f3 p\u00fablica<\/a><\/div>\n<\/div>\n\n\n\n<h2 class=\"wp-block-heading has-normal-font-size\">El ventall m\u00e9s ampli de possibilitats per al manteniment i decoraci\u00f3 de pobles i ciutats: Licitacions, colors segons mostra, pintures vials i molt m\u00e9s.<\/h2>\n<\/div>\n\n\n\n<div class=\"wp-block-column brico is-layout-flow wp-block-column-is-layout-flow\">\n<figure class=\"wp-block-image size-large\"><img decoding=\"async\" width=\"600\" height=\"429\" src=\"https:\/\/ollerpintures.com\/wp-content\/uploads\/2020\/12\/pintura-bricolatge-oller-pintures.jpg\" alt=\"\" class=\"wp-image-3787\" srcset=\"https:\/\/ollerpintures.com\/wp-content\/uploads\/2020\/12\/pintura-bricolatge-oller-pintures.jpg 600w, https:\/\/ollerpintures.com\/wp-content\/uploads\/2020\/12\/pintura-bricolatge-oller-pintures-400x286.jpg 400w\" sizes=\"(max-width: 600px) 100vw, 600px\" \/><\/figure>\n\n\n\n<div class=\"wp-block-buttons is-layout-flex wp-block-buttons-is-layout-flex\">\n<div class=\"wp-block-button\"><a class=\"wp-block-button__link no-border-radius wp-element-button\" href=\"\/ca\/pintures-i-materials-per-a-bricolatge\/\" rel=\"\">bricolatge<\/a><\/div>\n<\/div>\n\n\n\n<h2 class=\"wp-block-heading has-normal-font-size\">T\u2019oferim tot tipus de pintures i complements perqu\u00e8 gaudeixis decorant al teu gust, de manera f\u00e0cil, ecol\u00f2gica i innovadora.<\/h2>\n<\/div>\n<\/div>\n\n\n\n<div class=\"wp-block-columns is-layout-flex wp-container-core-columns-is-layout-9d6595d7 wp-block-columns-is-layout-flex\">\n<div class=\"wp-block-column is-vertically-aligned-center is-layout-flow wp-block-column-is-layout-flow\">\n<hr class=\"wp-block-separator has-alpha-channel-opacity is-style-default\"\/>\n<\/div>\n\n\n\n<div class=\"wp-block-column is-layout-flow wp-block-column-is-layout-flow\">\n<h2 class=\"wp-block-heading alignwide has-text-align-center has-text-color has-large-font-size\" style=\"color:#ff5900\">OLLER GRUP<\/h2>\n<\/div>\n\n\n\n<div class=\"wp-block-column is-vertically-aligned-center is-layout-flow wp-block-column-is-layout-flow\">\n<hr class=\"wp-block-separator has-alpha-channel-opacity is-style-default\"\/>\n<\/div>\n<\/div>\n\n\n\n<div class=\"wp-block-columns is-layout-flex wp-container-core-columns-is-layout-9d6595d7 wp-block-columns-is-layout-flex\">\n<div class=\"wp-block-column is-layout-flow wp-block-column-is-layout-flow\">\n<h4 class=\"wp-block-heading has-text-align-center has-large-font-size\">M\u00e9s de 50 anys d&#8217;experi\u00e8ncia<\/h4>\n\n\n\n<figure class=\"wp-block-image size-large\"><img decoding=\"async\" width=\"1024\" height=\"617\" src=\"https:\/\/ollerpintures.com\/wp-content\/uploads\/2023\/05\/oller-pintures-inicis-1024x617.jpg\" alt=\"oller pintures\" class=\"wp-image-24969\" srcset=\"https:\/\/ollerpintures.com\/wp-content\/uploads\/2023\/05\/oller-pintures-inicis-1024x617.jpg 1024w, https:\/\/ollerpintures.com\/wp-content\/uploads\/2023\/05\/oller-pintures-inicis-400x241.jpg 400w, https:\/\/ollerpintures.com\/wp-content\/uploads\/2023\/05\/oller-pintures-inicis-768x463.jpg 768w, https:\/\/ollerpintures.com\/wp-content\/uploads\/2023\/05\/oller-pintures-inicis-800x482.jpg 800w, https:\/\/ollerpintures.com\/wp-content\/uploads\/2023\/05\/oller-pintures-inicis.jpg 1359w\" sizes=\"(max-width: 1024px) 100vw, 1024px\" \/><\/figure>\n\n\n\n<div class=\"wp-block-buttons is-layout-flex wp-block-buttons-is-layout-flex\">\n<div class=\"wp-block-button has-custom-width wp-block-button__width-100\"><a class=\"wp-block-button__link has-text-align-center no-border-radius wp-element-button\" href=\"https:\/\/ollerpintures.com\/ca\/oller-pintures-revestiments\/\" rel=\"\">VEURE M\u00c9S<\/a><\/div>\n<\/div>\n<\/div>\n\n\n\n<div class=\"wp-block-column is-layout-flow wp-block-column-is-layout-flow\">\n<h4 class=\"wp-block-heading has-text-align-center has-large-font-size\">6 botigues especialitzades<\/h4>\n\n\n\n<figure class=\"wp-block-image size-large\"><img decoding=\"async\" width=\"1024\" height=\"615\" src=\"https:\/\/ollerpintures.com\/wp-content\/uploads\/2023\/01\/venta-pinturas-distribuidores-mayorista-oller-pintures-1024x615.jpg\" alt=\"\" class=\"wp-image-23964\" srcset=\"https:\/\/ollerpintures.com\/wp-content\/uploads\/2023\/01\/venta-pinturas-distribuidores-mayorista-oller-pintures-1024x615.jpg 1024w, https:\/\/ollerpintures.com\/wp-content\/uploads\/2023\/01\/venta-pinturas-distribuidores-mayorista-oller-pintures-400x240.jpg 400w, https:\/\/ollerpintures.com\/wp-content\/uploads\/2023\/01\/venta-pinturas-distribuidores-mayorista-oller-pintures-768x462.jpg 768w, https:\/\/ollerpintures.com\/wp-content\/uploads\/2023\/01\/venta-pinturas-distribuidores-mayorista-oller-pintures-1536x923.jpg 1536w, https:\/\/ollerpintures.com\/wp-content\/uploads\/2023\/01\/venta-pinturas-distribuidores-mayorista-oller-pintures-800x481.jpg 800w, https:\/\/ollerpintures.com\/wp-content\/uploads\/2023\/01\/venta-pinturas-distribuidores-mayorista-oller-pintures.jpg 1920w\" sizes=\"(max-width: 1024px) 100vw, 1024px\" \/><\/figure>\n\n\n\n<div class=\"wp-block-buttons is-layout-flex wp-block-buttons-is-layout-flex\">\n<div class=\"wp-block-button has-custom-width wp-block-button__width-100\"><a class=\"wp-block-button__link no-border-radius wp-element-button\" href=\"https:\/\/ollerpintures.com\/ca\/contacte-oller-pintures\/#botigues\" rel=\"\">VEURE M\u00c9S<\/a><\/div>\n<\/div>\n<\/div>\n\n\n\n<div class=\"wp-block-column is-layout-flow wp-block-column-is-layout-flow\">\n<h4 class=\"wp-block-heading has-text-align-center has-large-font-size\">Assessorament<br>i solucions <\/h4>\n\n\n\n<figure class=\"wp-block-image size-full\"><img decoding=\"async\" width=\"1023\" height=\"622\" src=\"https:\/\/ollerpintures.com\/wp-content\/uploads\/2023\/05\/asesoramiento-tienda-para-pintores-2.jpeg\" alt=\"\" class=\"wp-image-24975\" srcset=\"https:\/\/ollerpintures.com\/wp-content\/uploads\/2023\/05\/asesoramiento-tienda-para-pintores-2.jpeg 1023w, https:\/\/ollerpintures.com\/wp-content\/uploads\/2023\/05\/asesoramiento-tienda-para-pintores-2-400x243.jpeg 400w, https:\/\/ollerpintures.com\/wp-content\/uploads\/2023\/05\/asesoramiento-tienda-para-pintores-2-768x467.jpeg 768w, https:\/\/ollerpintures.com\/wp-content\/uploads\/2023\/05\/asesoramiento-tienda-para-pintores-2-800x486.jpeg 800w\" sizes=\"(max-width: 1023px) 100vw, 1023px\" \/><\/figure>\n\n\n\n<div class=\"wp-block-buttons is-layout-flex wp-block-buttons-is-layout-flex\">\n<div class=\"wp-block-button has-custom-width wp-block-button__width-100\"><a class=\"wp-block-button__link no-border-radius wp-element-button\" href=\"https:\/\/ollerpintures.com\/ca\/productes-oller\/\" rel=\"\">VEURE M\u00c9S<\/a><\/div>\n<\/div>\n<\/div>\n<\/div>\n","protected":false},"excerpt":{"rendered":"<p>El nostre origen pintor ens avala. Des de 1966,&nbsp;posem a la disposici\u00f3 dels nostres clients un servei de qualitat per satisfer tot tipus de necessitats &#8230; <\/p>\n<p class=\"read-more-container\"><a title=\"Pintures per a professionals, ind\u00fastries, obres p\u00fabliques i bricolatge\" class=\"read-more button\" href=\"https:\/\/ollerpintures.com\/ca\/pintures-professionals-industria-administracio-publica-bricolatge\/#more-3402\" aria-label=\"M\u00e9s informaci\u00f3 sobre Pintures per a professionals, ind\u00fastries, obres p\u00fabliques i bricolatge\">Seguir llegint<\/a><\/p>\n","protected":false},"author":11,"featured_media":0,"parent":0,"menu_order":0,"comment_status":"closed","ping_status":"closed","template":"","meta":{"_acf_changed":false,"footnotes":""},"class_list":{"0":"post-3402","1":"page","2":"type-page","3":"status-publish","5":"no-featured-image-padding"},"acf":{"json-ld":"","dctermstitle":"","dctermsdescription":"","dctermsabstract":"","dctermsreferences":"https:\/\/ollerpintures.com\/es\/"},"yoast_head":"<!-- This site is optimized with the Yoast SEO plugin v27.1.1 - https:\/\/yoast.com\/product\/yoast-seo-wordpress\/ -->\n<title>Oller Pintures per a professionals, ind\u00fastries, obres p\u00fabliques i bricolatge<\/title>\n<meta name=\"description\" content=\"Oller Pinturas y Revestimientos per a professionals, ind\u00fastries, obres p\u00fabliques, bricolatge. Pintures de qualitat professional i molt m\u00e9s!\" \/>\n<meta name=\"robots\" content=\"index, follow, max-snippet:-1, max-image-preview:large, max-video-preview:-1\" \/>\n<link rel=\"canonical\" href=\"https:\/\/ollerpintures.com\/ca\/pintures-professionals-industria-administracio-publica-bricolatge\/\" \/>\n<meta property=\"og:locale\" content=\"ca_ES\" \/>\n<meta property=\"og:type\" content=\"article\" \/>\n<meta property=\"og:title\" content=\"Oller Pintures per a professionals, ind\u00fastries, obres p\u00fabliques i bricolatge\" \/>\n<meta property=\"og:description\" content=\"Oller Pinturas y Revestimientos per a professionals, ind\u00fastries, obres p\u00fabliques, bricolatge. Pintures de qualitat professional i molt m\u00e9s!\" \/>\n<meta property=\"og:url\" content=\"https:\/\/ollerpintures.com\/ca\/pintures-professionals-industria-administracio-publica-bricolatge\/\" \/>\n<meta property=\"og:site_name\" content=\"Oller Pinturas y Revestimientos\" \/>\n<meta property=\"article:publisher\" content=\"https:\/\/www.facebook.com\/people\/Oller-Pintures\/100063652056709\/\" \/>\n<meta property=\"article:modified_time\" content=\"2025-09-23T10:56:59+00:00\" \/>\n<meta property=\"og:image\" content=\"https:\/\/ollerpintures.com\/wp-content\/uploads\/2020\/12\/pintura-pintors-professionals.jpg\" \/>\n<meta name=\"twitter:card\" content=\"summary_large_image\" \/>\n<meta name=\"twitter:label1\" content=\"Temps estimat de lectura\" \/>\n\t<meta name=\"twitter:data1\" content=\"3 minuts\" \/>\n<script type=\"application\/ld+json\" class=\"yoast-schema-graph\">{\"@context\":\"https:\/\/schema.org\",\"@graph\":[{\"@type\":\"WebPage\",\"@id\":\"https:\/\/ollerpintures.com\/ca\/pintures-professionals-industria-administracio-publica-bricolatge\/\",\"url\":\"https:\/\/ollerpintures.com\/ca\/pintures-professionals-industria-administracio-publica-bricolatge\/\",\"name\":\"Oller Pintures per a professionals, ind\u00fastries, obres p\u00fabliques i bricolatge\",\"isPartOf\":{\"@id\":\"https:\/\/ollerpintures.com\/ca\/#website\"},\"primaryImageOfPage\":{\"@id\":\"https:\/\/ollerpintures.com\/ca\/pintures-professionals-industria-administracio-publica-bricolatge\/#primaryimage\"},\"image\":{\"@id\":\"https:\/\/ollerpintures.com\/ca\/pintures-professionals-industria-administracio-publica-bricolatge\/#primaryimage\"},\"thumbnailUrl\":\"https:\/\/ollerpintures.com\/wp-content\/uploads\/2020\/12\/pintura-pintors-professionals.jpg\",\"datePublished\":\"2020-11-20T10:40:23+00:00\",\"dateModified\":\"2025-09-23T10:56:59+00:00\",\"description\":\"Oller Pinturas y Revestimientos per a professionals, ind\u00fastries, obres p\u00fabliques, bricolatge. Pintures de qualitat professional i molt m\u00e9s!\",\"breadcrumb\":{\"@id\":\"https:\/\/ollerpintures.com\/ca\/pintures-professionals-industria-administracio-publica-bricolatge\/#breadcrumb\"},\"inLanguage\":\"ca\",\"potentialAction\":[{\"@type\":\"ReadAction\",\"target\":[\"https:\/\/ollerpintures.com\/ca\/pintures-professionals-industria-administracio-publica-bricolatge\/\"]}]},{\"@type\":\"ImageObject\",\"inLanguage\":\"ca\",\"@id\":\"https:\/\/ollerpintures.com\/ca\/pintures-professionals-industria-administracio-publica-bricolatge\/#primaryimage\",\"url\":\"https:\/\/ollerpintures.com\/wp-content\/uploads\/2020\/12\/pintura-pintors-professionals.jpg\",\"contentUrl\":\"https:\/\/ollerpintures.com\/wp-content\/uploads\/2020\/12\/pintura-pintors-professionals.jpg\"},{\"@type\":\"BreadcrumbList\",\"@id\":\"https:\/\/ollerpintures.com\/ca\/pintures-professionals-industria-administracio-publica-bricolatge\/#breadcrumb\",\"itemListElement\":[{\"@type\":\"ListItem\",\"position\":1,\"name\":\"Inici\",\"item\":\"https:\/\/ollerpintures.com\/ca\/\"},{\"@type\":\"ListItem\",\"position\":2,\"name\":\"Pintures per a professionals, ind\u00fastries, obres p\u00fabliques i bricolatge\"}]},{\"@type\":\"WebSite\",\"@id\":\"https:\/\/ollerpintures.com\/ca\/#website\",\"url\":\"https:\/\/ollerpintures.com\/ca\/\",\"name\":\"Oller Pinturas y Revestimientos\",\"description\":\"Pinturas y revestimientos para profesionales, industrias, obras p\u00fablicas, bricolaje. Pinturas de calidad profesional i mucho m\u00e1s.\",\"publisher\":{\"@id\":\"https:\/\/ollerpintures.com\/ca\/#organization\"},\"alternateName\":\"Oller Grup\",\"potentialAction\":[{\"@type\":\"SearchAction\",\"target\":{\"@type\":\"EntryPoint\",\"urlTemplate\":\"https:\/\/ollerpintures.com\/ca\/?s={search_term_string}\"},\"query-input\":{\"@type\":\"PropertyValueSpecification\",\"valueRequired\":true,\"valueName\":\"search_term_string\"}}],\"inLanguage\":\"ca\"},{\"@type\":\"Organization\",\"@id\":\"https:\/\/ollerpintures.com\/ca\/#organization\",\"name\":\"Oller Pintures i Revestiments\",\"alternateName\":\"Oller Grup\",\"url\":\"https:\/\/ollerpintures.com\/ca\/\",\"logo\":{\"@type\":\"ImageObject\",\"inLanguage\":\"ca\",\"@id\":\"https:\/\/ollerpintures.com\/ca\/#\/schema\/logo\/image\/\",\"url\":\"https:\/\/ollerpintures.com\/wp-content\/uploads\/2024\/05\/newLogo.png\",\"contentUrl\":\"https:\/\/ollerpintures.com\/wp-content\/uploads\/2024\/05\/newLogo.png\",\"width\":483,\"height\":244,\"caption\":\"Oller Pintures i Revestiments\"},\"image\":{\"@id\":\"https:\/\/ollerpintures.com\/ca\/#\/schema\/logo\/image\/\"},\"sameAs\":[\"https:\/\/www.facebook.com\/people\/Oller-Pintures\/100063652056709\/\",\"https:\/\/www.instagram.com\/ollerpintures\/\",\"https:\/\/descriptor.es\/organization\/oller-grup\/\"]}]}<\/script>\n<!-- \/ Yoast SEO plugin. -->","yoast_head_json":{"title":"Oller Pintures per a professionals, ind\u00fastries, obres p\u00fabliques i bricolatge","description":"Oller Pinturas y Revestimientos per a professionals, ind\u00fastries, obres p\u00fabliques, bricolatge. Pintures de qualitat professional i molt m\u00e9s!","robots":{"index":"index","follow":"follow","max-snippet":"max-snippet:-1","max-image-preview":"max-image-preview:large","max-video-preview":"max-video-preview:-1"},"canonical":"https:\/\/ollerpintures.com\/ca\/pintures-professionals-industria-administracio-publica-bricolatge\/","og_locale":"ca_ES","og_type":"article","og_title":"Oller Pintures per a professionals, ind\u00fastries, obres p\u00fabliques i bricolatge","og_description":"Oller Pinturas y Revestimientos per a professionals, ind\u00fastries, obres p\u00fabliques, bricolatge. Pintures de qualitat professional i molt m\u00e9s!","og_url":"https:\/\/ollerpintures.com\/ca\/pintures-professionals-industria-administracio-publica-bricolatge\/","og_site_name":"Oller Pinturas y Revestimientos","article_publisher":"https:\/\/www.facebook.com\/people\/Oller-Pintures\/100063652056709\/","article_modified_time":"2025-09-23T10:56:59+00:00","og_image":[{"url":"https:\/\/ollerpintures.com\/wp-content\/uploads\/2020\/12\/pintura-pintors-professionals.jpg","type":"","width":"","height":""}],"twitter_card":"summary_large_image","twitter_misc":{"Temps estimat de lectura":"3 minuts"},"schema":{"@context":"https:\/\/schema.org","@graph":[{"@type":"WebPage","@id":"https:\/\/ollerpintures.com\/ca\/pintures-professionals-industria-administracio-publica-bricolatge\/","url":"https:\/\/ollerpintures.com\/ca\/pintures-professionals-industria-administracio-publica-bricolatge\/","name":"Oller Pintures per a professionals, ind\u00fastries, obres p\u00fabliques i bricolatge","isPartOf":{"@id":"https:\/\/ollerpintures.com\/ca\/#website"},"primaryImageOfPage":{"@id":"https:\/\/ollerpintures.com\/ca\/pintures-professionals-industria-administracio-publica-bricolatge\/#primaryimage"},"image":{"@id":"https:\/\/ollerpintures.com\/ca\/pintures-professionals-industria-administracio-publica-bricolatge\/#primaryimage"},"thumbnailUrl":"https:\/\/ollerpintures.com\/wp-content\/uploads\/2020\/12\/pintura-pintors-professionals.jpg","datePublished":"2020-11-20T10:40:23+00:00","dateModified":"2025-09-23T10:56:59+00:00","description":"Oller Pinturas y Revestimientos per a professionals, ind\u00fastries, obres p\u00fabliques, bricolatge. Pintures de qualitat professional i molt m\u00e9s!","breadcrumb":{"@id":"https:\/\/ollerpintures.com\/ca\/pintures-professionals-industria-administracio-publica-bricolatge\/#breadcrumb"},"inLanguage":"ca","potentialAction":[{"@type":"ReadAction","target":["https:\/\/ollerpintures.com\/ca\/pintures-professionals-industria-administracio-publica-bricolatge\/"]}]},{"@type":"ImageObject","inLanguage":"ca","@id":"https:\/\/ollerpintures.com\/ca\/pintures-professionals-industria-administracio-publica-bricolatge\/#primaryimage","url":"https:\/\/ollerpintures.com\/wp-content\/uploads\/2020\/12\/pintura-pintors-professionals.jpg","contentUrl":"https:\/\/ollerpintures.com\/wp-content\/uploads\/2020\/12\/pintura-pintors-professionals.jpg"},{"@type":"BreadcrumbList","@id":"https:\/\/ollerpintures.com\/ca\/pintures-professionals-industria-administracio-publica-bricolatge\/#breadcrumb","itemListElement":[{"@type":"ListItem","position":1,"name":"Inici","item":"https:\/\/ollerpintures.com\/ca\/"},{"@type":"ListItem","position":2,"name":"Pintures per a professionals, ind\u00fastries, obres p\u00fabliques i bricolatge"}]},{"@type":"WebSite","@id":"https:\/\/ollerpintures.com\/ca\/#website","url":"https:\/\/ollerpintures.com\/ca\/","name":"Oller Pinturas y Revestimientos","description":"Pinturas y revestimientos para profesionales, industrias, obras p\u00fablicas, bricolaje. Pinturas de calidad profesional i mucho m\u00e1s.","publisher":{"@id":"https:\/\/ollerpintures.com\/ca\/#organization"},"alternateName":"Oller Grup","potentialAction":[{"@type":"SearchAction","target":{"@type":"EntryPoint","urlTemplate":"https:\/\/ollerpintures.com\/ca\/?s={search_term_string}"},"query-input":{"@type":"PropertyValueSpecification","valueRequired":true,"valueName":"search_term_string"}}],"inLanguage":"ca"},{"@type":"Organization","@id":"https:\/\/ollerpintures.com\/ca\/#organization","name":"Oller Pintures i Revestiments","alternateName":"Oller Grup","url":"https:\/\/ollerpintures.com\/ca\/","logo":{"@type":"ImageObject","inLanguage":"ca","@id":"https:\/\/ollerpintures.com\/ca\/#\/schema\/logo\/image\/","url":"https:\/\/ollerpintures.com\/wp-content\/uploads\/2024\/05\/newLogo.png","contentUrl":"https:\/\/ollerpintures.com\/wp-content\/uploads\/2024\/05\/newLogo.png","width":483,"height":244,"caption":"Oller Pintures i Revestiments"},"image":{"@id":"https:\/\/ollerpintures.com\/ca\/#\/schema\/logo\/image\/"},"sameAs":["https:\/\/www.facebook.com\/people\/Oller-Pintures\/100063652056709\/","https:\/\/www.instagram.com\/ollerpintures\/","https:\/\/descriptor.es\/organization\/oller-grup\/"]}]}},"_links":{"self":[{"href":"https:\/\/ollerpintures.com\/ca\/wp-json\/wp\/v2\/pages\/3402","targetHints":{"allow":["GET"]}}],"collection":[{"href":"https:\/\/ollerpintures.com\/ca\/wp-json\/wp\/v2\/pages"}],"about":[{"href":"https:\/\/ollerpintures.com\/ca\/wp-json\/wp\/v2\/types\/page"}],"author":[{"embeddable":true,"href":"https:\/\/ollerpintures.com\/ca\/wp-json\/wp\/v2\/users\/11"}],"replies":[{"embeddable":true,"href":"https:\/\/ollerpintures.com\/ca\/wp-json\/wp\/v2\/comments?post=3402"}],"version-history":[{"count":2,"href":"https:\/\/ollerpintures.com\/ca\/wp-json\/wp\/v2\/pages\/3402\/revisions"}],"predecessor-version":[{"id":30407,"href":"https:\/\/ollerpintures.com\/ca\/wp-json\/wp\/v2\/pages\/3402\/revisions\/30407"}],"wp:attachment":[{"href":"https:\/\/ollerpintures.com\/ca\/wp-json\/wp\/v2\/media?parent=3402"}],"curies":[{"name":"wp","href":"https:\/\/api.w.org\/{rel}","templated":true}]}}