{"id":3,"date":"2020-10-26T17:11:22","date_gmt":"2020-10-26T17:11:22","guid":{"rendered":"https:\/\/oller-pintures.c.wetopi.com.mialias.net\/?page_id=3"},"modified":"2024-05-15T16:00:12","modified_gmt":"2024-05-15T15:00:12","slug":"politica-de-privacitat","status":"publish","type":"page","link":"https:\/\/ollerpintures.com\/ca\/politica-de-privacitat\/","title":{"rendered":"Pol\u00edtica de privacitat"},"content":{"rendered":"\n<p>Oller Comercial de <a href=\"\/ca\/\">Pintures<\/a> del Vall\u00e8s, S.L., com a Responsable del Tractament, amb CIF: B-60.734.068, l\u2019informa en virtut de la legislaci\u00f3 vigent en mat\u00e8ria de Protecci\u00f3 de Dades de car\u00e0cter personal, que les dades personals recollides mitjan\u00e7ant els diferents formularis del website, i les que faci arribar a les adreces de correu electr\u00f2nic de contacte seran tractades amb les seg\u00fcents finalitats:<\/p>\n\n\n\n<ul class=\"wp-block-list\">\n<li>Atendre els comentaris o consultes que faci arribar a la nostra organitzaci\u00f3.<\/li>\n\n\n\n<li>Gestionar les seves comandes.<\/li>\n\n\n\n<li>Rebre comunicacions de novetats i informaci\u00f3 comercial de productes i serveis oferts, en el cas de que l\u2019usuari ho hagi autoritzat expressament<\/li>\n<\/ul>\n\n\n\n<p>Les dades que ens faciliti es conservaran durant el temps estrictament necessari per atendre la seva sol\u00b7licitud (inferior a sis mesos, excepte que de la seva sol\u00b7licitud se\u2019n derivi una actuaci\u00f3 que requereixi per motius legals conservar-la durant un per\u00edode m\u00e9s llarg de temps), o durant els anys necessaris per complir amb les obligacions legals, com la legislaci\u00f3 laboral i tribut\u00e0ria.<\/p>\n\n\n\n<p>L\u2019informem que vost\u00e8 pot exercir els drets d&#8217;acc\u00e9s, rectificaci\u00f3, supressi\u00f3, oposici\u00f3, limitaci\u00f3 del tractament i portabilitat sobre les dades personals que ens ha facilitat. Per fer-ho, pot fer arribar la seva sol\u00b7licitud a la nostra organitzaci\u00f3, fent-nos arribar la seva sol\u00b7licitud per correu postal a Oller Comercial de Pintures del Vall\u00e8s, S.L., Ref. Protecci\u00f3 de Dades, Avinguda d\u2019Europa, 19, Granollers (Barcelona), o b\u00e9 fer arribar la seva sol\u00b7licitud a l\u2019adre\u00e7a info@ollerpintures.com.<\/p>\n\n\n\n<p>L\u2019usuari garanteix l\u2019autenticitat de totes aquelles dades que comuniqui a trav\u00e9s de www.ollerpintures.com i mantindr\u00e0 actualitzada la informaci\u00f3 que faciliti a Oller Comercial de Pintures del Vall\u00e8s, S.L., de forma que respongui en tot moment a la seva situaci\u00f3 real, essent l\u2019\u00fanic responsable de les manifestacions falses o inexactes que realitzi, aix\u00ed com dels perjudicis que causi per aquesta ra\u00f3 a Oller Comercial de Pintures del Vall\u00e8s, S.L. o a tercers.<\/p>\n\n\n\n<p>A continuaci\u00f3, s&#8217;amplia la informaci\u00f3 sobre els tractaments de dades personals efectuats per part de la nostra societat.<\/p>\n\n\n\n<ol class=\"wp-block-list\" type=\"1\">\n<li><strong>Responsable del Tractament<\/strong><\/li>\n<\/ol>\n\n\n\n<p>Oller Comercial de Pintures del Vall\u00e8s, S.L., amb CIF: B-60.734.068, societat inscrita al Registre Mercantil de Barcelona, Volum 31048, Foli 213, Full B-133.544, inscripci\u00f3 5\u00aa.<\/p>\n\n\n\n<p>Vost\u00e8 pot posar-se en contacte amb la nostra societat, de forma efectiva, de manera presencial o per correu postal a la nostra seu social: Avinguda d\u2019Europa, 19, 08401 \u2013 Granollers (Barcelona). Aix\u00ed, vost\u00e8 pot obtenir informaci\u00f3 addicional sobre els tractaments que fem, enviant un correu electr\u00f2nic a l\u2019adre\u00e7a info@ollerpintures.com.<\/p>\n\n\n\n<ol class=\"wp-block-list\" type=\"1\" start=\"2\">\n<li><strong>Relaci\u00f3 d&#8217;activitats de tractament de dades personals dutes a terme per la nostra organitzaci\u00f3<\/strong><\/li>\n<\/ol>\n\n\n\n<p>La nostra societat tracta diferents dades personals dels interessats, amb diferents finalitats. A continuaci\u00f3 es descriuen els diferents tractaments efectuats, la seva finalitat, la base que legitima cada tractament, les cessions previstes a tercers, i els per\u00edodes de conservaci\u00f3 de la informaci\u00f3:<\/p>\n\n\n\n<ol class=\"wp-block-list\" type=\"1\">\n<li><strong>Atenci\u00f3 de comentaris i consultes que faci arribar a la nostra organitzaci\u00f3.<\/strong>\n<ul class=\"wp-block-list\">\n<li>Origen de les dades: facilitades pel mateix interessat, mitjan\u00e7ant formularis habilitats a aquest efecte en el website, o informaci\u00f3 transmesa a l&#8217;organitzaci\u00f3 per correu electr\u00f2nic o per tel\u00e8fon.<\/li>\n\n\n\n<li>Finalitat del tractament: gestionar els comentaris i consultes que l&#8217;interessat faci arribar a la nostra organitzaci\u00f3.<\/li>\n\n\n\n<li>Base que legitima el tractament: inter\u00e8s leg\u00edtim de la nostra organitzaci\u00f3 (el tractament \u00e9s necessari per a l&#8217;execuci\u00f3 d&#8217;un contracte en el qual l&#8217;interessat \u00e9s part o per a l&#8217;aplicaci\u00f3 a petici\u00f3 d&#8217;aquest de mesures precontractuals), i consentiment expr\u00e9s de l&#8217;interessat per a aquells casos en qu\u00e8 aix\u00ed se li sol\u00b7liciti.<\/li>\n\n\n\n<li>Cessions de dades a tercers: no es contemplen cessions de la informaci\u00f3 facilitada a tercers que siguin aliens a la nostra organitzaci\u00f3.<\/li>\n\n\n\n<li>Per\u00edode de conservaci\u00f3 de les dades: inferior a sis mesos, llevat que de la seva sol\u00b7licitud se\u2019n derivi una actuaci\u00f3 que requereixi per motius legals conservar-la durant un per\u00edode m\u00e9s llarg de temps.<\/li>\n<\/ul>\n<\/li>\n\n\n\n<li><strong>Gestionar les seves comandes.<\/strong>\n<ul class=\"wp-block-list\">\n<li>Origen de les dades: facilitades pel mateix interessat, mitjan\u00e7ant formularis habilitats a aquest efecte en el website, o informaci\u00f3 transmesa a l&#8217;organitzaci\u00f3 per correu electr\u00f2nic o per tel\u00e8fon.<\/li>\n\n\n\n<li>Finalitat del tractament: gestionar les comandes d\u2019articles fetes per l\u2019interessat.<\/li>\n\n\n\n<li>Base que legitima el tractament: inter\u00e8s leg\u00edtim de la nostra organitzaci\u00f3 (el tractament \u00e9s necessari per a l&#8217;execuci\u00f3 d&#8217;un contracte en el qual l&#8217;interessat \u00e9s part o per a l&#8217;aplicaci\u00f3 a petici\u00f3 d&#8217;aquest de mesures precontractuals), i consentiment expr\u00e9s de l&#8217;interessat per a aquells casos en qu\u00e8 aix\u00ed se li sol\u00b7liciti.<\/li>\n\n\n\n<li>Cessions de dades a tercers: en cas que sigui necessari, a l&#8217;administraci\u00f3 p\u00fablica amb compet\u00e8ncia en la mat\u00e8ria, com pot ser l&#8217;Ag\u00e8ncia Tribut\u00e0ria o Seguretat Social.<\/li>\n\n\n\n<li>Per\u00edode de conservaci\u00f3 de les dades: el requerit per l&#8217;administraci\u00f3 p\u00fablica fins a l&#8217;extinci\u00f3 de les responsabilitats.<\/li>\n<\/ul>\n<\/li>\n\n\n\n<li><strong>Rebre comunicacions de novetats i informaci\u00f3 comercial de productes i serveis oferts, en el cas de que l\u2019usuari ho hagi autoritzat expressament.<\/strong>\n<ul class=\"wp-block-list\">\n<li>Origen de les dades: facilitades pel mateix interessat, mitjan\u00e7ant formularis habilitats a aquest efecte en el website.<\/li>\n\n\n\n<li>Finalitat del tractament: enviament de novetats i informaci\u00f3 comercial de productes i serveis, en cas de que l\u2019interessat ho hagi autoritzat expressament.<\/li>\n\n\n\n<li>Base que legitima el tractament: consentiment expr\u00e9s de l&#8217;interessat per a aquells casos en qu\u00e8 aix\u00ed se li sol\u00b7liciti.<\/li>\n\n\n\n<li>Cessions de dades a tercers: no es contemplen cessions de la informaci\u00f3 facilitada a tercers que siguin aliens a la nostra organitzaci\u00f3.<\/li>\n\n\n\n<li>Per\u00edode de conservaci\u00f3 de les dades: inferior a sis mesos, llevat que de la seva sol\u00b7licitud se\u2019n derivi una actuaci\u00f3 que requereixi per motius legals conservar-la durant un per\u00edode m\u00e9s llarg de temps.<\/li>\n<\/ul>\n<\/li>\n<\/ol>\n\n\n\n<h2 class=\"wp-block-heading\">Drets de Protecci\u00f3 de dades:<\/h2>\n\n\n\n<h4 class=\"wp-block-heading\">L&#8217;interessat, en relaci\u00f3 a les dades que s\u00f3n tractades per Oller Comercial de Pintures del Vall\u00e8s, S.L., t\u00e9 la possibilitat d&#8217;exercir de forma lliure i gratu\u00efta els seg\u00fcents drets:<\/h4>\n\n\n\n<ul class=\"wp-block-list\">\n<li>Accedir a les seves dades personals<\/li>\n\n\n\n<li>Rectificar les seves dades personals quan siguin inexactes o incompletes.<\/li>\n\n\n\n<li>Suprimir les seves dades personals quan no siguin necess\u00e0ries per a les finalitats per a les que van ser recollides, entre altres motius.<\/li>\n\n\n\n<li>Limitar el tractament per part d&#8217;Oller Comercial de Pintures del Vall\u00e8s, S.L. de totes o part de les seves dades personals en les circumst\u00e0ncies que determina la llei.<\/li>\n\n\n\n<li>Oposar-se a determinats tractaments en les circumst\u00e0ncies i per motius relacionats amb la seva situaci\u00f3 particular.<\/li>\n\n\n\n<li>Sol\u00b7licitar la portabilitat de les seves dades personals en un format interoperable i autosuficient.<\/li>\n\n\n\n<li>Retirar, en qualsevol moment, els consentiments atorgats pr\u00e8viament.<\/li>\n<\/ul>\n\n\n\n<p>Per a l&#8217;exercici d&#8217;aquests drets pot dirigir-se per escrit a Oller Comercial de Pintures del Vall\u00e8s, S.L., acreditant degudament la seva identitat, per qualsevol d\u2019aquests canals:<\/p>\n\n\n\n<ul class=\"wp-block-list\">\n<li>Correu electr\u00f2nic: <a href=\"mailto:info@ollerpintures.com\" target=\"_blank\" rel=\"noreferrer noopener\">info@ollerpintures.com<\/a><\/li>\n\n\n\n<li>Correu postal: Avinguda d\u2019Europa, 19, 08401 \u2013 Granollers (Barcelona), amb la refer\u00e8ncia \u201cProtecci\u00f3 de Dades\u201d.<\/li>\n\n\n\n<li>De forma presencial a les nostres oficines.<\/li>\n<\/ul>\n","protected":false},"excerpt":{"rendered":"<p>Oller Comercial de Pintures del Vall\u00e8s, S.L., com a Responsable del Tractament, amb CIF: B-60.734.068, l\u2019informa en virtut de la legislaci\u00f3 vigent en mat\u00e8ria de &#8230; <\/p>\n<p class=\"read-more-container\"><a title=\"Pol\u00edtica de privacitat\" class=\"read-more button\" href=\"https:\/\/ollerpintures.com\/ca\/politica-de-privacitat\/#more-3\" aria-label=\"M\u00e9s informaci\u00f3 sobre Pol\u00edtica de privacitat\">Seguir llegint<\/a><\/p>\n","protected":false},"author":11,"featured_media":0,"parent":0,"menu_order":0,"comment_status":"closed","ping_status":"open","template":"","meta":{"_acf_changed":false,"footnotes":""},"class_list":{"0":"post-3","1":"page","2":"type-page","3":"status-publish","5":"no-featured-image-padding"},"acf":{"json-ld":"","dctermstitle":"","dctermsdescription":"","dctermsabstract":"","dctermsreferences":"https:\/\/ollerpintures.com\/es\/"},"yoast_head":"<!-- This site is optimized with the Yoast SEO plugin v27.1.1 - https:\/\/yoast.com\/product\/yoast-seo-wordpress\/ -->\n<title>Pol\u00edtica de privacitat - Oller Pinturas y Revestimientos<\/title>\n<meta name=\"description\" content=\"Oller Pinturas y Revestimientos per a professionals, ind\u00fastries, obres p\u00fabliques, bricolatge. Pintures de qualitat professional i molt m\u00e9s!\" \/>\n<meta name=\"robots\" content=\"noindex, follow\" \/>\n<meta property=\"og:locale\" content=\"ca_ES\" \/>\n<meta property=\"og:type\" content=\"article\" \/>\n<meta property=\"og:title\" content=\"Pol\u00edtica de privacitat - Oller Pinturas y Revestimientos\" \/>\n<meta property=\"og:description\" content=\"Oller Pinturas y Revestimientos per a professionals, ind\u00fastries, obres p\u00fabliques, bricolatge. Pintures de qualitat professional i molt m\u00e9s!\" \/>\n<meta property=\"og:url\" content=\"https:\/\/ollerpintures.com\/ca\/politica-de-privacitat\/\" \/>\n<meta property=\"og:site_name\" content=\"Oller Pinturas y Revestimientos\" \/>\n<meta property=\"article:publisher\" content=\"https:\/\/www.facebook.com\/people\/Oller-Pintures\/100063652056709\/\" \/>\n<meta property=\"article:modified_time\" content=\"2024-05-15T15:00:12+00:00\" \/>\n<meta property=\"og:image\" content=\"https:\/\/ollerpintures.com\/wp-content\/uploads\/2022\/05\/pinturas-venta-pinturas-distribuidores-mayorista-oller-pintures-granollers-tienda.jpg\" \/>\n\t<meta property=\"og:image:width\" content=\"1920\" \/>\n\t<meta property=\"og:image:height\" content=\"866\" \/>\n\t<meta property=\"og:image:type\" content=\"image\/jpeg\" \/>\n<meta name=\"twitter:card\" content=\"summary_large_image\" \/>\n<meta name=\"twitter:label1\" content=\"Temps estimat de lectura\" \/>\n\t<meta name=\"twitter:data1\" content=\"6 minuts\" \/>\n<script type=\"application\/ld+json\" class=\"yoast-schema-graph\">{\"@context\":\"https:\/\/schema.org\",\"@graph\":[{\"@type\":\"WebPage\",\"@id\":\"https:\/\/ollerpintures.com\/ca\/politica-de-privacitat\/\",\"url\":\"https:\/\/ollerpintures.com\/ca\/politica-de-privacitat\/\",\"name\":\"Pol\u00edtica de privacitat - Oller Pinturas y Revestimientos\",\"isPartOf\":{\"@id\":\"https:\/\/ollerpintures.com\/ca\/#website\"},\"datePublished\":\"2020-10-26T17:11:22+00:00\",\"dateModified\":\"2024-05-15T15:00:12+00:00\",\"description\":\"Oller Pinturas y Revestimientos per a professionals, ind\u00fastries, obres p\u00fabliques, bricolatge. Pintures de qualitat professional i molt m\u00e9s!\",\"breadcrumb\":{\"@id\":\"https:\/\/ollerpintures.com\/ca\/politica-de-privacitat\/#breadcrumb\"},\"inLanguage\":\"ca\",\"potentialAction\":[{\"@type\":\"ReadAction\",\"target\":[\"https:\/\/ollerpintures.com\/ca\/politica-de-privacitat\/\"]}]},{\"@type\":\"BreadcrumbList\",\"@id\":\"https:\/\/ollerpintures.com\/ca\/politica-de-privacitat\/#breadcrumb\",\"itemListElement\":[{\"@type\":\"ListItem\",\"position\":1,\"name\":\"Inici\",\"item\":\"https:\/\/ollerpintures.com\/ca\/\"},{\"@type\":\"ListItem\",\"position\":2,\"name\":\"Pol\u00edtica de privacitat\"}]},{\"@type\":\"WebSite\",\"@id\":\"https:\/\/ollerpintures.com\/ca\/#website\",\"url\":\"https:\/\/ollerpintures.com\/ca\/\",\"name\":\"Oller Pinturas y Revestimientos\",\"description\":\"Pinturas y revestimientos para profesionales, industrias, obras p\u00fablicas, bricolaje. Pinturas de calidad profesional i mucho m\u00e1s.\",\"publisher\":{\"@id\":\"https:\/\/ollerpintures.com\/ca\/#organization\"},\"alternateName\":\"Oller Grup\",\"potentialAction\":[{\"@type\":\"SearchAction\",\"target\":{\"@type\":\"EntryPoint\",\"urlTemplate\":\"https:\/\/ollerpintures.com\/ca\/?s={search_term_string}\"},\"query-input\":{\"@type\":\"PropertyValueSpecification\",\"valueRequired\":true,\"valueName\":\"search_term_string\"}}],\"inLanguage\":\"ca\"},{\"@type\":\"Organization\",\"@id\":\"https:\/\/ollerpintures.com\/ca\/#organization\",\"name\":\"Oller Pintures i Revestiments\",\"alternateName\":\"Oller Grup\",\"url\":\"https:\/\/ollerpintures.com\/ca\/\",\"logo\":{\"@type\":\"ImageObject\",\"inLanguage\":\"ca\",\"@id\":\"https:\/\/ollerpintures.com\/ca\/#\/schema\/logo\/image\/\",\"url\":\"https:\/\/ollerpintures.com\/wp-content\/uploads\/2024\/05\/newLogo.png\",\"contentUrl\":\"https:\/\/ollerpintures.com\/wp-content\/uploads\/2024\/05\/newLogo.png\",\"width\":483,\"height\":244,\"caption\":\"Oller Pintures i Revestiments\"},\"image\":{\"@id\":\"https:\/\/ollerpintures.com\/ca\/#\/schema\/logo\/image\/\"},\"sameAs\":[\"https:\/\/www.facebook.com\/people\/Oller-Pintures\/100063652056709\/\",\"https:\/\/www.instagram.com\/ollerpintures\/\",\"https:\/\/descriptor.es\/organization\/oller-grup\/\"]}]}<\/script>\n<!-- \/ Yoast SEO plugin. -->","yoast_head_json":{"title":"Pol\u00edtica de privacitat - Oller Pinturas y Revestimientos","description":"Oller Pinturas y Revestimientos per a professionals, ind\u00fastries, obres p\u00fabliques, bricolatge. Pintures de qualitat professional i molt m\u00e9s!","robots":{"index":"noindex","follow":"follow"},"og_locale":"ca_ES","og_type":"article","og_title":"Pol\u00edtica de privacitat - Oller Pinturas y Revestimientos","og_description":"Oller Pinturas y Revestimientos per a professionals, ind\u00fastries, obres p\u00fabliques, bricolatge. Pintures de qualitat professional i molt m\u00e9s!","og_url":"https:\/\/ollerpintures.com\/ca\/politica-de-privacitat\/","og_site_name":"Oller Pinturas y Revestimientos","article_publisher":"https:\/\/www.facebook.com\/people\/Oller-Pintures\/100063652056709\/","article_modified_time":"2024-05-15T15:00:12+00:00","og_image":[{"width":1920,"height":866,"url":"https:\/\/ollerpintures.com\/wp-content\/uploads\/2022\/05\/pinturas-venta-pinturas-distribuidores-mayorista-oller-pintures-granollers-tienda.jpg","type":"image\/jpeg"}],"twitter_card":"summary_large_image","twitter_misc":{"Temps estimat de lectura":"6 minuts"},"schema":{"@context":"https:\/\/schema.org","@graph":[{"@type":"WebPage","@id":"https:\/\/ollerpintures.com\/ca\/politica-de-privacitat\/","url":"https:\/\/ollerpintures.com\/ca\/politica-de-privacitat\/","name":"Pol\u00edtica de privacitat - Oller Pinturas y Revestimientos","isPartOf":{"@id":"https:\/\/ollerpintures.com\/ca\/#website"},"datePublished":"2020-10-26T17:11:22+00:00","dateModified":"2024-05-15T15:00:12+00:00","description":"Oller Pinturas y Revestimientos per a professionals, ind\u00fastries, obres p\u00fabliques, bricolatge. Pintures de qualitat professional i molt m\u00e9s!","breadcrumb":{"@id":"https:\/\/ollerpintures.com\/ca\/politica-de-privacitat\/#breadcrumb"},"inLanguage":"ca","potentialAction":[{"@type":"ReadAction","target":["https:\/\/ollerpintures.com\/ca\/politica-de-privacitat\/"]}]},{"@type":"BreadcrumbList","@id":"https:\/\/ollerpintures.com\/ca\/politica-de-privacitat\/#breadcrumb","itemListElement":[{"@type":"ListItem","position":1,"name":"Inici","item":"https:\/\/ollerpintures.com\/ca\/"},{"@type":"ListItem","position":2,"name":"Pol\u00edtica de privacitat"}]},{"@type":"WebSite","@id":"https:\/\/ollerpintures.com\/ca\/#website","url":"https:\/\/ollerpintures.com\/ca\/","name":"Oller Pinturas y Revestimientos","description":"Pinturas y revestimientos para profesionales, industrias, obras p\u00fablicas, bricolaje. Pinturas de calidad profesional i mucho m\u00e1s.","publisher":{"@id":"https:\/\/ollerpintures.com\/ca\/#organization"},"alternateName":"Oller Grup","potentialAction":[{"@type":"SearchAction","target":{"@type":"EntryPoint","urlTemplate":"https:\/\/ollerpintures.com\/ca\/?s={search_term_string}"},"query-input":{"@type":"PropertyValueSpecification","valueRequired":true,"valueName":"search_term_string"}}],"inLanguage":"ca"},{"@type":"Organization","@id":"https:\/\/ollerpintures.com\/ca\/#organization","name":"Oller Pintures i Revestiments","alternateName":"Oller Grup","url":"https:\/\/ollerpintures.com\/ca\/","logo":{"@type":"ImageObject","inLanguage":"ca","@id":"https:\/\/ollerpintures.com\/ca\/#\/schema\/logo\/image\/","url":"https:\/\/ollerpintures.com\/wp-content\/uploads\/2024\/05\/newLogo.png","contentUrl":"https:\/\/ollerpintures.com\/wp-content\/uploads\/2024\/05\/newLogo.png","width":483,"height":244,"caption":"Oller Pintures i Revestiments"},"image":{"@id":"https:\/\/ollerpintures.com\/ca\/#\/schema\/logo\/image\/"},"sameAs":["https:\/\/www.facebook.com\/people\/Oller-Pintures\/100063652056709\/","https:\/\/www.instagram.com\/ollerpintures\/","https:\/\/descriptor.es\/organization\/oller-grup\/"]}]}},"_links":{"self":[{"href":"https:\/\/ollerpintures.com\/ca\/wp-json\/wp\/v2\/pages\/3","targetHints":{"allow":["GET"]}}],"collection":[{"href":"https:\/\/ollerpintures.com\/ca\/wp-json\/wp\/v2\/pages"}],"about":[{"href":"https:\/\/ollerpintures.com\/ca\/wp-json\/wp\/v2\/types\/page"}],"author":[{"embeddable":true,"href":"https:\/\/ollerpintures.com\/ca\/wp-json\/wp\/v2\/users\/11"}],"replies":[{"embeddable":true,"href":"https:\/\/ollerpintures.com\/ca\/wp-json\/wp\/v2\/comments?post=3"}],"version-history":[{"count":1,"href":"https:\/\/ollerpintures.com\/ca\/wp-json\/wp\/v2\/pages\/3\/revisions"}],"predecessor-version":[{"id":25781,"href":"https:\/\/ollerpintures.com\/ca\/wp-json\/wp\/v2\/pages\/3\/revisions\/25781"}],"wp:attachment":[{"href":"https:\/\/ollerpintures.com\/ca\/wp-json\/wp\/v2\/media?parent=3"}],"curies":[{"name":"wp","href":"https:\/\/api.w.org\/{rel}","templated":true}]}}