{"id":28839,"date":"2025-02-28T16:09:47","date_gmt":"2025-02-28T15:09:47","guid":{"rendered":"https:\/\/oller-pintures.c.wetopi.com\/sant-lluc\/"},"modified":"2025-03-11T22:17:40","modified_gmt":"2025-03-11T21:17:40","slug":"sant-lluc","status":"publish","type":"page","link":"https:\/\/ollerpintures.com\/ca\/sant-lluc\/","title":{"rendered":"Sant Lluc T\u00e8cnics en Pintures"},"content":{"rendered":"<div class=\"wp-block-image\">\n<figure class=\"aligncenter size-full\"><img decoding=\"async\" width=\"490\" height=\"232\" src=\"https:\/\/ollerpintures.com\/wp-content\/uploads\/2025\/03\/Logo-Sant-Lluc.png\" alt=\"\" class=\"wp-image-28884\" srcset=\"https:\/\/ollerpintures.com\/wp-content\/uploads\/2025\/03\/Logo-Sant-Lluc.png 490w, https:\/\/ollerpintures.com\/wp-content\/uploads\/2025\/03\/Logo-Sant-Lluc-400x189.png 400w\" sizes=\"(max-width: 490px) 100vw, 490px\" \/><\/figure>\n<\/div>\n\n\n<p>A Pintures Sant Lluc, treballem amb pintures des del 1.958, Disposem de les millors marques, preus i tecnologia. Disposem del millor equip hum\u00e0 i tecnol\u00f2gic per assessorar-te en esmalt industrial, massilles, envasat de pintura en esprai, compressors, pistoles, maquin\u00e0ria de projecci\u00f3 de pintura\u2026<\/p>\n\n\n\n<h2 class=\"wp-block-heading\">Qui som?<\/h2>\n\n\n\n<div class=\"wp-block-columns is-layout-flex wp-container-core-columns-is-layout-9d6595d7 wp-block-columns-is-layout-flex\">\n<div class=\"wp-block-column is-layout-flow wp-block-column-is-layout-flow\">\n<p>La nostra estima a la pintura ens veu per tradici\u00f3 familiar. Els nostres avantpassats ja es dedicaven a la decoraci\u00f3 de les cases, aix\u00ed com al pintat de maquin\u00e0ria, per\u00f2, ja fa m\u00e9s de cinquanta anys que es va obrir el primer establiment de venda de pintura de cara al p\u00fablic, era petit i modest, i amb moltes ganes d&#8217;abastir de materials els pintors.<\/p>\n\n\n\n<p>Amb el temps, el mercat evolucionava cap a pintures especials i amb elles el nostre negoci. Hem implantant m\u00e9s punts de venda, amb mat\u00e8ries m\u00e9s diverses i complexes i amb complements auxiliars per oferir un servei cada cop m\u00e9s atent i millor.<\/p>\n\n\n\n<p>L&#8217;any 2023 hem unit les nostres forces amb Oller Pintures, per millorar la nostra oferta i la nostra zona d&#8217;actuaci\u00f3.<\/p>\n<\/div>\n\n\n\n<div class=\"wp-block-column is-layout-flow wp-block-column-is-layout-flow\"><div class=\"wp-block-image\">\n<figure class=\"aligncenter size-large is-resized\"><img decoding=\"async\" width=\"1024\" height=\"585\" src=\"https:\/\/ollerpintures.com\/wp-content\/uploads\/2025\/03\/DALL\u00b7E-2025-03-11-22.15.08-A-close-up-of-an-industrial-spray-gun-applying-a-fine-mist-of-paint-or-protective-coating-onto-a-large-metal-surface.-The-spray-creates-a-smooth-even-1024x585.webp\" alt=\"\" class=\"wp-image-29104\" style=\"width:522px\" srcset=\"https:\/\/ollerpintures.com\/wp-content\/uploads\/2025\/03\/DALL\u00b7E-2025-03-11-22.15.08-A-close-up-of-an-industrial-spray-gun-applying-a-fine-mist-of-paint-or-protective-coating-onto-a-large-metal-surface.-The-spray-creates-a-smooth-even-1024x585.webp 1024w, https:\/\/ollerpintures.com\/wp-content\/uploads\/2025\/03\/DALL\u00b7E-2025-03-11-22.15.08-A-close-up-of-an-industrial-spray-gun-applying-a-fine-mist-of-paint-or-protective-coating-onto-a-large-metal-surface.-The-spray-creates-a-smooth-even-400x229.webp 400w, https:\/\/ollerpintures.com\/wp-content\/uploads\/2025\/03\/DALL\u00b7E-2025-03-11-22.15.08-A-close-up-of-an-industrial-spray-gun-applying-a-fine-mist-of-paint-or-protective-coating-onto-a-large-metal-surface.-The-spray-creates-a-smooth-even-768x439.webp 768w, https:\/\/ollerpintures.com\/wp-content\/uploads\/2025\/03\/DALL\u00b7E-2025-03-11-22.15.08-A-close-up-of-an-industrial-spray-gun-applying-a-fine-mist-of-paint-or-protective-coating-onto-a-large-metal-surface.-The-spray-creates-a-smooth-even-1536x878.webp 1536w, https:\/\/ollerpintures.com\/wp-content\/uploads\/2025\/03\/DALL\u00b7E-2025-03-11-22.15.08-A-close-up-of-an-industrial-spray-gun-applying-a-fine-mist-of-paint-or-protective-coating-onto-a-large-metal-surface.-The-spray-creates-a-smooth-even-800x457.webp 800w, https:\/\/ollerpintures.com\/wp-content\/uploads\/2025\/03\/DALL\u00b7E-2025-03-11-22.15.08-A-close-up-of-an-industrial-spray-gun-applying-a-fine-mist-of-paint-or-protective-coating-onto-a-large-metal-surface.-The-spray-creates-a-smooth-even.webp 1792w\" sizes=\"(max-width: 1024px) 100vw, 1024px\" \/><\/figure>\n<\/div><\/div>\n<\/div>\n\n\n\n<h2 class=\"wp-block-heading\">Serveis<\/h2>\n\n\n\n<ul class=\"wp-block-list\">\n<li>Assessorament a tots els camps de la pintura, des de la preparaci\u00f3 adequada fins a l&#8217;acabat m\u00e9s complet.<\/li>\n\n\n\n<li>Especialitat en la pintura de retocs del pintat industrial de l\u00edquid i pols.<\/li>\n\n\n\n<li>Envasat de pintura en esprai.<\/li>\n\n\n\n<li>Duplicaci\u00f3 dels colors que el client ens demana.<\/li>\n\n\n\n<li>\u00das de pintures especials per a suports especials.<\/li>\n\n\n\n<li>Mitjans adequats per detectar-ne el color, amb eines com l&#8217;espectrofot\u00f2metre i el color\u00edmetre.<\/li>\n\n\n\n<li>Servei de transport de la comanda a casa del client, complint els m\u00ednims establerts.<\/li>\n\n\n\n<li>Pressupost sense comprom\u00eds.<\/li>\n\n\n\n<li>Esquemes de pintat: ign\u00edfugs, intumescents, anticorrosius, etc\u2026<\/li>\n\n\n\n<li>Assaigs de pintura: espessors, brillantor, color, adher\u00e8ncia, etc.<\/li>\n<\/ul>\n\n\n\n<h2 class=\"wp-block-heading\">Els nostres productes<\/h2>\n\n\n\n<p><strong>Pintures industrials<\/strong><\/p>\n\n\n\n<p>L&#8217;especialitzaci\u00f3 en el sector industrial ens porta a treballar-hi en una dedicaci\u00f3 permanent. Parem especial atenci\u00f3 a les cartes de colors RAL, NCS, AFNOR, British Standards Institution, UNE, etc. tant amb acabat brillant, mat i setinat, aix\u00ed com metal\u00b7litzats i microtexturats. Disposem de diferents tipus d&#8217;esmalts, vern\u00eds, imprimacions, dissolvents, massilles, pintures\u2026<\/p>\n\n\n\n<p><strong>Materials, camps d&#8217;aplicaci\u00f3<\/strong><\/p>\n\n\n\n<p>Els diferents materials existents necessiten preparacions i acabats indicats per a cada ocasi\u00f3 i per aix\u00f2 podem oferir-vos productes especials per ferro, acer, alumini, ferro galvanitzat, coure, rajoles, pl\u00e0stics i formig\u00f3. \u00c9s important\u00edssim triar-ho b\u00e9. En cas de dubte, consulteu-nos-ho.<\/p>\n\n\n\n<p><strong>Eines i complements<\/strong><\/p>\n\n\n\n<p>Per realitzar una bona feina s\u00f3n molt necessaris el nostre client, un bon material i les eines apropiades per realitzar-lo.<\/p>\n\n\n\n<p><strong>Drogueria<\/strong><\/p>\n\n\n\n<p>Al nostre pa\u00eds tamb\u00e9 sabem de les t\u00e8cniques abans, els processos de pintat dels avis, els materials poc convencionals. Tenim un bon assortiment, aix\u00ed com articles de drogueria com detergents, productes de neteja, cel\u00b7lulosa industrial, desgreixants, insecticides i productes qu\u00edmics sota demanda.<\/p>\n\n\n\n<p><strong>Tlf. 93 870 92 11<\/strong><\/p>\n","protected":false},"excerpt":{"rendered":"<p>A Pintures Sant Lluc, treballem amb pintures des del 1.958, Disposem de les millors marques, preus i tecnologia. Disposem del millor equip hum\u00e0 i tecnol\u00f2gic &#8230; <\/p>\n<p class=\"read-more-container\"><a title=\"Sant Lluc T\u00e8cnics en Pintures\" class=\"read-more button\" href=\"https:\/\/ollerpintures.com\/ca\/sant-lluc\/#more-28839\" aria-label=\"M\u00e9s informaci\u00f3 sobre Sant Lluc T\u00e8cnics en Pintures\">Seguir llegint<\/a><\/p>\n","protected":false},"author":3,"featured_media":28837,"parent":0,"menu_order":0,"comment_status":"closed","ping_status":"closed","template":"","meta":{"_acf_changed":false,"footnotes":""},"class_list":{"0":"post-28839","1":"page","2":"type-page","3":"status-publish","4":"has-post-thumbnail","6":"no-featured-image-padding","7":"resize-featured-image"},"acf":[],"yoast_head":"<!-- This site is optimized with the Yoast SEO plugin v27.1.1 - https:\/\/yoast.com\/product\/yoast-seo-wordpress\/ -->\n<title>Sant Lluc T\u00e8cnics en Pintures - Oller Pinturas y Revestimientos<\/title>\n<meta name=\"description\" content=\"Oller Pinturas y Revestimientos per a professionals, ind\u00fastries, obres p\u00fabliques, bricolatge. Pintures de qualitat professional i molt m\u00e9s!\" \/>\n<meta name=\"robots\" content=\"index, follow, max-snippet:-1, max-image-preview:large, max-video-preview:-1\" \/>\n<link rel=\"canonical\" href=\"https:\/\/ollerpintures.com\/ca\/sant-lluc\/\" \/>\n<meta property=\"og:locale\" content=\"ca_ES\" \/>\n<meta property=\"og:type\" content=\"article\" \/>\n<meta property=\"og:title\" content=\"Sant Lluc T\u00e8cnics en Pintures - Oller Pinturas y Revestimientos\" \/>\n<meta property=\"og:description\" content=\"Oller Pinturas y Revestimientos per a professionals, ind\u00fastries, obres p\u00fabliques, bricolatge. Pintures de qualitat professional i molt m\u00e9s!\" \/>\n<meta property=\"og:url\" content=\"https:\/\/ollerpintures.com\/ca\/sant-lluc\/\" \/>\n<meta property=\"og:site_name\" content=\"Oller Pinturas y Revestimientos\" \/>\n<meta property=\"article:publisher\" content=\"https:\/\/www.facebook.com\/people\/Oller-Pintures\/100063652056709\/\" \/>\n<meta property=\"article:modified_time\" content=\"2025-03-11T21:17:40+00:00\" \/>\n<meta property=\"og:image\" content=\"https:\/\/ollerpintures.com\/wp-content\/uploads\/2025\/02\/img_serveis2.jpg\" \/>\n\t<meta property=\"og:image:width\" content=\"300\" \/>\n\t<meta property=\"og:image:height\" content=\"200\" \/>\n\t<meta property=\"og:image:type\" content=\"image\/jpeg\" \/>\n<meta name=\"twitter:card\" content=\"summary_large_image\" \/>\n<meta name=\"twitter:label1\" content=\"Temps estimat de lectura\" \/>\n\t<meta name=\"twitter:data1\" content=\"3 minuts\" \/>\n<script type=\"application\/ld+json\" class=\"yoast-schema-graph\">{\"@context\":\"https:\/\/schema.org\",\"@graph\":[{\"@type\":\"WebPage\",\"@id\":\"https:\/\/ollerpintures.com\/ca\/sant-lluc\/\",\"url\":\"https:\/\/ollerpintures.com\/ca\/sant-lluc\/\",\"name\":\"Sant Lluc T\u00e8cnics en Pintures - Oller Pinturas y Revestimientos\",\"isPartOf\":{\"@id\":\"https:\/\/ollerpintures.com\/ca\/#website\"},\"primaryImageOfPage\":{\"@id\":\"https:\/\/ollerpintures.com\/ca\/sant-lluc\/#primaryimage\"},\"image\":{\"@id\":\"https:\/\/ollerpintures.com\/ca\/sant-lluc\/#primaryimage\"},\"thumbnailUrl\":\"https:\/\/ollerpintures.com\/wp-content\/uploads\/2025\/02\/img_serveis2.jpg\",\"datePublished\":\"2025-02-28T15:09:47+00:00\",\"dateModified\":\"2025-03-11T21:17:40+00:00\",\"description\":\"Oller Pinturas y Revestimientos per a professionals, ind\u00fastries, obres p\u00fabliques, bricolatge. Pintures de qualitat professional i molt m\u00e9s!\",\"breadcrumb\":{\"@id\":\"https:\/\/ollerpintures.com\/ca\/sant-lluc\/#breadcrumb\"},\"inLanguage\":\"ca\",\"potentialAction\":[{\"@type\":\"ReadAction\",\"target\":[\"https:\/\/ollerpintures.com\/ca\/sant-lluc\/\"]}]},{\"@type\":\"ImageObject\",\"inLanguage\":\"ca\",\"@id\":\"https:\/\/ollerpintures.com\/ca\/sant-lluc\/#primaryimage\",\"url\":\"https:\/\/ollerpintures.com\/wp-content\/uploads\/2025\/02\/img_serveis2.jpg\",\"contentUrl\":\"https:\/\/ollerpintures.com\/wp-content\/uploads\/2025\/02\/img_serveis2.jpg\",\"width\":300,\"height\":200},{\"@type\":\"BreadcrumbList\",\"@id\":\"https:\/\/ollerpintures.com\/ca\/sant-lluc\/#breadcrumb\",\"itemListElement\":[{\"@type\":\"ListItem\",\"position\":1,\"name\":\"Inici\",\"item\":\"https:\/\/ollerpintures.com\/ca\/\"},{\"@type\":\"ListItem\",\"position\":2,\"name\":\"Sant Lluc T\u00e8cnics en Pintures\"}]},{\"@type\":\"WebSite\",\"@id\":\"https:\/\/ollerpintures.com\/ca\/#website\",\"url\":\"https:\/\/ollerpintures.com\/ca\/\",\"name\":\"Oller Pinturas y Revestimientos\",\"description\":\"Pinturas y revestimientos para profesionales, industrias, obras p\u00fablicas, bricolaje. Pinturas de calidad profesional i mucho m\u00e1s.\",\"publisher\":{\"@id\":\"https:\/\/ollerpintures.com\/ca\/#organization\"},\"alternateName\":\"Oller Grup\",\"potentialAction\":[{\"@type\":\"SearchAction\",\"target\":{\"@type\":\"EntryPoint\",\"urlTemplate\":\"https:\/\/ollerpintures.com\/ca\/?s={search_term_string}\"},\"query-input\":{\"@type\":\"PropertyValueSpecification\",\"valueRequired\":true,\"valueName\":\"search_term_string\"}}],\"inLanguage\":\"ca\"},{\"@type\":\"Organization\",\"@id\":\"https:\/\/ollerpintures.com\/ca\/#organization\",\"name\":\"Oller Pintures i Revestiments\",\"alternateName\":\"Oller Grup\",\"url\":\"https:\/\/ollerpintures.com\/ca\/\",\"logo\":{\"@type\":\"ImageObject\",\"inLanguage\":\"ca\",\"@id\":\"https:\/\/ollerpintures.com\/ca\/#\/schema\/logo\/image\/\",\"url\":\"https:\/\/ollerpintures.com\/wp-content\/uploads\/2024\/05\/newLogo.png\",\"contentUrl\":\"https:\/\/ollerpintures.com\/wp-content\/uploads\/2024\/05\/newLogo.png\",\"width\":483,\"height\":244,\"caption\":\"Oller Pintures i Revestiments\"},\"image\":{\"@id\":\"https:\/\/ollerpintures.com\/ca\/#\/schema\/logo\/image\/\"},\"sameAs\":[\"https:\/\/www.facebook.com\/people\/Oller-Pintures\/100063652056709\/\",\"https:\/\/www.instagram.com\/ollerpintures\/\",\"https:\/\/descriptor.es\/organization\/oller-grup\/\"]}]}<\/script>\n<!-- \/ Yoast SEO plugin. -->","yoast_head_json":{"title":"Sant Lluc T\u00e8cnics en Pintures - Oller Pinturas y Revestimientos","description":"Oller Pinturas y Revestimientos per a professionals, ind\u00fastries, obres p\u00fabliques, bricolatge. Pintures de qualitat professional i molt m\u00e9s!","robots":{"index":"index","follow":"follow","max-snippet":"max-snippet:-1","max-image-preview":"max-image-preview:large","max-video-preview":"max-video-preview:-1"},"canonical":"https:\/\/ollerpintures.com\/ca\/sant-lluc\/","og_locale":"ca_ES","og_type":"article","og_title":"Sant Lluc T\u00e8cnics en Pintures - Oller Pinturas y Revestimientos","og_description":"Oller Pinturas y Revestimientos per a professionals, ind\u00fastries, obres p\u00fabliques, bricolatge. Pintures de qualitat professional i molt m\u00e9s!","og_url":"https:\/\/ollerpintures.com\/ca\/sant-lluc\/","og_site_name":"Oller Pinturas y Revestimientos","article_publisher":"https:\/\/www.facebook.com\/people\/Oller-Pintures\/100063652056709\/","article_modified_time":"2025-03-11T21:17:40+00:00","og_image":[{"width":300,"height":200,"url":"https:\/\/ollerpintures.com\/wp-content\/uploads\/2025\/02\/img_serveis2.jpg","type":"image\/jpeg"}],"twitter_card":"summary_large_image","twitter_misc":{"Temps estimat de lectura":"3 minuts"},"schema":{"@context":"https:\/\/schema.org","@graph":[{"@type":"WebPage","@id":"https:\/\/ollerpintures.com\/ca\/sant-lluc\/","url":"https:\/\/ollerpintures.com\/ca\/sant-lluc\/","name":"Sant Lluc T\u00e8cnics en Pintures - Oller Pinturas y Revestimientos","isPartOf":{"@id":"https:\/\/ollerpintures.com\/ca\/#website"},"primaryImageOfPage":{"@id":"https:\/\/ollerpintures.com\/ca\/sant-lluc\/#primaryimage"},"image":{"@id":"https:\/\/ollerpintures.com\/ca\/sant-lluc\/#primaryimage"},"thumbnailUrl":"https:\/\/ollerpintures.com\/wp-content\/uploads\/2025\/02\/img_serveis2.jpg","datePublished":"2025-02-28T15:09:47+00:00","dateModified":"2025-03-11T21:17:40+00:00","description":"Oller Pinturas y Revestimientos per a professionals, ind\u00fastries, obres p\u00fabliques, bricolatge. Pintures de qualitat professional i molt m\u00e9s!","breadcrumb":{"@id":"https:\/\/ollerpintures.com\/ca\/sant-lluc\/#breadcrumb"},"inLanguage":"ca","potentialAction":[{"@type":"ReadAction","target":["https:\/\/ollerpintures.com\/ca\/sant-lluc\/"]}]},{"@type":"ImageObject","inLanguage":"ca","@id":"https:\/\/ollerpintures.com\/ca\/sant-lluc\/#primaryimage","url":"https:\/\/ollerpintures.com\/wp-content\/uploads\/2025\/02\/img_serveis2.jpg","contentUrl":"https:\/\/ollerpintures.com\/wp-content\/uploads\/2025\/02\/img_serveis2.jpg","width":300,"height":200},{"@type":"BreadcrumbList","@id":"https:\/\/ollerpintures.com\/ca\/sant-lluc\/#breadcrumb","itemListElement":[{"@type":"ListItem","position":1,"name":"Inici","item":"https:\/\/ollerpintures.com\/ca\/"},{"@type":"ListItem","position":2,"name":"Sant Lluc T\u00e8cnics en Pintures"}]},{"@type":"WebSite","@id":"https:\/\/ollerpintures.com\/ca\/#website","url":"https:\/\/ollerpintures.com\/ca\/","name":"Oller Pinturas y Revestimientos","description":"Pinturas y revestimientos para profesionales, industrias, obras p\u00fablicas, bricolaje. Pinturas de calidad profesional i mucho m\u00e1s.","publisher":{"@id":"https:\/\/ollerpintures.com\/ca\/#organization"},"alternateName":"Oller Grup","potentialAction":[{"@type":"SearchAction","target":{"@type":"EntryPoint","urlTemplate":"https:\/\/ollerpintures.com\/ca\/?s={search_term_string}"},"query-input":{"@type":"PropertyValueSpecification","valueRequired":true,"valueName":"search_term_string"}}],"inLanguage":"ca"},{"@type":"Organization","@id":"https:\/\/ollerpintures.com\/ca\/#organization","name":"Oller Pintures i Revestiments","alternateName":"Oller Grup","url":"https:\/\/ollerpintures.com\/ca\/","logo":{"@type":"ImageObject","inLanguage":"ca","@id":"https:\/\/ollerpintures.com\/ca\/#\/schema\/logo\/image\/","url":"https:\/\/ollerpintures.com\/wp-content\/uploads\/2024\/05\/newLogo.png","contentUrl":"https:\/\/ollerpintures.com\/wp-content\/uploads\/2024\/05\/newLogo.png","width":483,"height":244,"caption":"Oller Pintures i Revestiments"},"image":{"@id":"https:\/\/ollerpintures.com\/ca\/#\/schema\/logo\/image\/"},"sameAs":["https:\/\/www.facebook.com\/people\/Oller-Pintures\/100063652056709\/","https:\/\/www.instagram.com\/ollerpintures\/","https:\/\/descriptor.es\/organization\/oller-grup\/"]}]}},"_links":{"self":[{"href":"https:\/\/ollerpintures.com\/ca\/wp-json\/wp\/v2\/pages\/28839","targetHints":{"allow":["GET"]}}],"collection":[{"href":"https:\/\/ollerpintures.com\/ca\/wp-json\/wp\/v2\/pages"}],"about":[{"href":"https:\/\/ollerpintures.com\/ca\/wp-json\/wp\/v2\/types\/page"}],"author":[{"embeddable":true,"href":"https:\/\/ollerpintures.com\/ca\/wp-json\/wp\/v2\/users\/3"}],"replies":[{"embeddable":true,"href":"https:\/\/ollerpintures.com\/ca\/wp-json\/wp\/v2\/comments?post=28839"}],"version-history":[{"count":2,"href":"https:\/\/ollerpintures.com\/ca\/wp-json\/wp\/v2\/pages\/28839\/revisions"}],"predecessor-version":[{"id":29106,"href":"https:\/\/ollerpintures.com\/ca\/wp-json\/wp\/v2\/pages\/28839\/revisions\/29106"}],"wp:featuredmedia":[{"embeddable":true,"href":"https:\/\/ollerpintures.com\/ca\/wp-json\/wp\/v2\/media\/28837"}],"wp:attachment":[{"href":"https:\/\/ollerpintures.com\/ca\/wp-json\/wp\/v2\/media?parent=28839"}],"curies":[{"name":"wp","href":"https:\/\/api.w.org\/{rel}","templated":true}]}}