{"id":15097,"date":"2021-10-26T10:46:36","date_gmt":"2021-10-26T09:46:36","guid":{"rendered":"https:\/\/oller-pintures.c.wetopi.com\/?page_id=15097"},"modified":"2024-05-15T16:13:46","modified_gmt":"2024-05-15T15:13:46","slug":"pintura-intumescent-per-formigo","status":"publish","type":"page","link":"https:\/\/ollerpintures.com\/ca\/pintura-intumescent-per-formigo\/","title":{"rendered":"Pintura intumescent per formig\u00f3"},"content":{"rendered":"\n<p>Troba la millor <strong>protecci\u00f3 contra el foc per formig\u00f3<\/strong> entre els productes d&#8217;Oller Pintures. <strong>Protegeix estructures de formig\u00f3<\/strong> del foc i treballa en un entorn segur i regularitzat.<\/p>\n\n\n\n<p>Per protegir les estructures de formig\u00f3 del foc, cal limitar la temperatura dels acers i armadures que hi ha a l&#8217;interior del formig\u00f3.  Aix\u00f2 s&#8217;aconsegueix mantenint unes dist\u00e0ncies m\u00ednimes entre acers que, sovint, no es respecten. Per aix\u00f2 \u00e9s important assegurar la protecci\u00f3 d&#8217;aquestes estructures amb el <strong>producte intumescent adequat. <\/strong><\/p>\n\n\n\n<div style=\"height:40px\" aria-hidden=\"true\" class=\"wp-block-spacer\"><\/div>\n\n\n\n<div class=\"wp-block-columns is-layout-flex wp-container-core-columns-is-layout-9d6595d7 wp-block-columns-is-layout-flex\">\n<div class=\"wp-block-column is-layout-flow wp-block-column-is-layout-flow\" style=\"flex-basis:66.66%\">\n<h2 class=\"wp-block-heading\"><strong>Revestiment cer\u00e0mic ablatiu <\/strong><br><strong><span class=\"has-inline-color has-luminous-vivid-orange-color\">ABLANITE<\/span><\/strong> <\/h2>\n\n\n\n<p><strong>Cer\u00e0mica ablativa presentada en forma de pasta, per la protecci\u00f3 contra incendis d&#8217;estructures de formig\u00f3, forjats, sostres, murs, bigues i pilars. <\/strong>Augmenta l&#8217;estabilitat de l&#8217;element constructiu incrementant la seva resist\u00e8ncia i estabilitat davant del foc.  <\/p>\n\n\n\n<ul class=\"wp-block-list\">\n<li>Certificat de Resist\u00e8ncia al Foc segons norma d&#8217;assaig europea <strong>UNE-ENV 13.381-3:2004<\/strong>, classificat segons UNE-EN 13.501-2:2004, determinant gruix equivalent de formig\u00f3 tant en murs com en bigues, pilars i forjats<\/li>\n\n\n\n<li>Classificat <strong>F-2 <\/strong>segons norma <strong>NFF 16-101:1988<\/strong> de l&#8217;\u00edndex de fums <\/li>\n<\/ul>\n<\/div>\n\n\n\n<div class=\"wp-block-column is-layout-flow wp-block-column-is-layout-flow\" style=\"flex-basis:33.33%\"><div class=\"wp-block-image\">\n<figure class=\"aligncenter size-full\"><img decoding=\"async\" width=\"269\" height=\"187\" src=\"https:\/\/ollerpintures.com\/wp-content\/uploads\/2021\/10\/pintura-intumescente-para-hormigon-proteccion-contra-el-fuego-oller-pintures.jpg\" alt=\"pintura intumescent per formig\u00f3 ablanite euroqu\u00edmica\" class=\"wp-image-15100\"\/><\/figure>\n<\/div><\/div>\n<\/div>\n\n\n\n<div class=\"wp-block-columns is-layout-flex wp-container-core-columns-is-layout-9d6595d7 wp-block-columns-is-layout-flex\">\n<div class=\"wp-block-column is-layout-flow wp-block-column-is-layout-flow\" style=\"flex-basis:66.66%\">\n<div class=\"wp-block-buttons is-layout-flex wp-block-buttons-is-layout-flex\">\n<div class=\"wp-block-button has-custom-width wp-block-button__width-100\"><a class=\"wp-block-button__link no-border-radius wp-element-button\" href=\"https:\/\/4542da61.sibforms.com\/serve\/MUIEAMwCOnTpfeiesuq_c4W8R9H4d2SNGDpFLPsV0O33yhokHkvwhYjR7eKbCLLFikEGdgNCFrdKZeRU2bjECc_zksnzprG8-7Y1TPeh4P5kRYYGaCsgsjRRi0-_dxiAkTw0AMOpCueexXXHT7ImU8ZXNHTvKBnWd9HZ6llwkm4o3HLsHoNUTIAKmBis_TsKHZKb2aYCoMneZDWn\" target=\"_blank\" rel=\"noreferrer noopener\">demanar pressupost<\/a><\/div>\n<\/div>\n<\/div>\n\n\n\n<div class=\"wp-block-column is-layout-flow wp-block-column-is-layout-flow\" style=\"flex-basis:33.33%\">\n<div class=\"wp-block-buttons is-layout-flex wp-block-buttons-is-layout-flex\">\n<div class=\"wp-block-button has-custom-width wp-block-button__width-100 is-style-outline is-style-outline--1\"><a class=\"wp-block-button__link no-border-radius wp-element-button\" href=\"http:\/\/euroquimica.com\/wp-content\/uploads\/ft_s_ablanite.pdf\">fitxa t\u00e8cnica<\/a><\/div>\n<\/div>\n<\/div>\n<\/div>\n\n\n\n<hr class=\"wp-block-separator has-css-opacity\"\/>\n\n\n\n<p class=\"has-text-align-center has-white-color has-luminous-vivid-orange-background-color has-text-color has-background\"><a href=\"https:\/\/ollerpintures.com\/ca\/contacte-oller-pintures\/\"> <strong>Explica&#8217;ns quins perfils has de protegir del foc i amb quina resist\u00e8ncia: farem l&#8217;estudi pertinent i t&#8217;assessorarem perqu\u00e8 ho aconsegueixis de la manera m\u00e9s \u00f2ptima. <\/strong>  <\/a><\/p>\n\n\n\n<div class=\"wp-block-buttons is-layout-flex wp-block-buttons-is-layout-flex\">\n<div class=\"wp-block-button has-custom-width wp-block-button__width-100 is-style-fill\"><a class=\"wp-block-button__link has-white-color has-luminous-vivid-orange-background-color has-text-color has-background no-border-radius wp-element-button\" href=\"https:\/\/ollerpintures.com\/ca\/contacte-oller-pintures\/\">on ens pots trobar?<\/a><\/div>\n<\/div>\n\n\n\n<div style=\"height:73px\" aria-hidden=\"true\" class=\"wp-block-spacer\"><\/div>\n\n\n\n<hr class=\"wp-block-separator has-css-opacity\"\/>\n\n\n\n<h2 class=\"wp-block-heading has-text-align-center\"><strong>\u00daltimes entrades del <span class=\"has-inline-color has-luminous-vivid-orange-color\">#BlogOller<\/span><\/strong><\/h2>\n\n\n\n<div class=\"wp-block-query is-layout-flow wp-block-query-is-layout-flow\"><ul class=\"is-flex-container columns-3 wp-block-post-template is-layout-flow wp-block-post-template-is-layout-flow\"><li class=\"wp-block-post post-29787 post type-post status-publish format-standard has-post-thumbnail hentry category-aplicacions tag-decoracio generate-columns tablet-grid-50 mobile-grid-100 grid-parent grid-50 no-featured-image-padding resize-featured-image\">\n<h1 style=\"font-size:30px;\" class=\"wp-block-post-title\"><a href=\"https:\/\/ollerpintures.com\/ca\/verd-per-transformar-ambients\/\" target=\"_blank\" >Verd per transformar ambients<\/a><\/h1>\n\n<figure class=\"alignleft wp-block-post-featured-image\"><a href=\"https:\/\/ollerpintures.com\/ca\/verd-per-transformar-ambients\/\" target=\"_self\"  ><img decoding=\"async\" width=\"1920\" height=\"1453\" src=\"https:\/\/ollerpintures.com\/wp-content\/uploads\/2025\/02\/ral-6007-ejemplos-decoracion-verde-botella-1.webp\" class=\"attachment-post-thumbnail size-post-thumbnail wp-post-image\" alt=\"Verd per transformar ambients\" style=\"object-fit:cover;\" srcset=\"https:\/\/ollerpintures.com\/wp-content\/uploads\/2025\/02\/ral-6007-ejemplos-decoracion-verde-botella-1.webp 1920w, https:\/\/ollerpintures.com\/wp-content\/uploads\/2025\/02\/ral-6007-ejemplos-decoracion-verde-botella-1-383x290.webp 383w, https:\/\/ollerpintures.com\/wp-content\/uploads\/2025\/02\/ral-6007-ejemplos-decoracion-verde-botella-1-1024x775.webp 1024w, https:\/\/ollerpintures.com\/wp-content\/uploads\/2025\/02\/ral-6007-ejemplos-decoracion-verde-botella-1-768x581.webp 768w, https:\/\/ollerpintures.com\/wp-content\/uploads\/2025\/02\/ral-6007-ejemplos-decoracion-verde-botella-1-1536x1162.webp 1536w, https:\/\/ollerpintures.com\/wp-content\/uploads\/2025\/02\/ral-6007-ejemplos-decoracion-verde-botella-1-800x605.webp 800w\" sizes=\"(max-width: 1920px) 100vw, 1920px\" \/><\/a><\/figure>\n\n<div class=\"wp-block-post-excerpt\"><p class=\"wp-block-post-excerpt__excerpt\">Explora la gamma de verds RAL amb Oller Grup per fer servir el verd en decoraci\u00f3, combinacions de colors i usos a la llar i professionals.<\/p><p class=\"wp-block-post-excerpt__more-text\"><a class=\"wp-block-post-excerpt__more-link\" href=\"https:\/\/ollerpintures.com\/ca\/verd-per-transformar-ambients\/\"><a href=\"https:\/\/ollerpintures.com\/manteniment-de-naus-i-sols-industrials\/\" target=\"_blank\" rel=\"noreferrer noopener\">Llegir m\u00e9s<\/a><\/a><\/p><\/div>\n<\/li><li class=\"wp-block-post post-28054 post type-post status-publish format-standard has-post-thumbnail hentry category-aplicacions tag-exteriors tag-facanes tag-jardins tag-manteniment tag-manteniment-industrial generate-columns tablet-grid-50 mobile-grid-100 grid-parent grid-50 no-featured-image-padding resize-featured-image\">\n<h1 style=\"font-size:30px;\" class=\"wp-block-post-title\"><a href=\"https:\/\/ollerpintures.com\/ca\/maquines-tintometriques-la-formula-per-obtenir-el-color-de-pintura-a-mida\/\" target=\"_blank\" >M\u00e0quines tintom\u00e8triques: la f\u00f3rmula per obtenir el color de pintura a mida<\/a><\/h1>\n\n<figure class=\"alignleft wp-block-post-featured-image\"><a href=\"https:\/\/ollerpintures.com\/ca\/maquines-tintometriques-la-formula-per-obtenir-el-color-de-pintura-a-mida\/\" target=\"_self\"  ><img decoding=\"async\" width=\"640\" height=\"853\" src=\"https:\/\/ollerpintures.com\/wp-content\/uploads\/2022\/10\/pintura-colores-segun-muestra-badalona.webp\" class=\"attachment-post-thumbnail size-post-thumbnail wp-post-image\" alt=\"M\u00e0quines tintom\u00e8triques: la f\u00f3rmula per obtenir el color de pintura a mida\" style=\"object-fit:cover;\" srcset=\"https:\/\/ollerpintures.com\/wp-content\/uploads\/2022\/10\/pintura-colores-segun-muestra-badalona.webp 640w, https:\/\/ollerpintures.com\/wp-content\/uploads\/2022\/10\/pintura-colores-segun-muestra-badalona-218x290.webp 218w\" sizes=\"(max-width: 640px) 100vw, 640px\" \/><\/a><\/figure>\n\n<div class=\"wp-block-post-excerpt\"><p class=\"wp-block-post-excerpt__excerpt\">Oller Grup utilitza m\u00e0quines tintom\u00e8triques exclusives, pel que oferim colors a mida amb la mateixa qualitat i exactitud entre lots i dates.<\/p><p class=\"wp-block-post-excerpt__more-text\"><a class=\"wp-block-post-excerpt__more-link\" href=\"https:\/\/ollerpintures.com\/ca\/maquines-tintometriques-la-formula-per-obtenir-el-color-de-pintura-a-mida\/\"><a href=\"https:\/\/ollerpintures.com\/manteniment-de-naus-i-sols-industrials\/\" target=\"_blank\" rel=\"noreferrer noopener\">Llegir m\u00e9s<\/a><\/a><\/p><\/div>\n<\/li><li class=\"wp-block-post post-27156 post type-post status-publish format-standard has-post-thumbnail hentry category-aplicacions tag-decoracio tag-exteriors tag-paviment generate-columns tablet-grid-50 mobile-grid-100 grid-parent grid-50 no-featured-image-padding resize-featured-image\">\n<h1 style=\"font-size:30px;\" class=\"wp-block-post-title\"><a href=\"https:\/\/ollerpintures.com\/ca\/ral-9016-el-blanc-perfecte-per-a-tots-els-espais\/\" target=\"_blank\" >RAL 9016, el blanc perfecte per a tots els espais<\/a><\/h1>\n\n<figure class=\"alignleft wp-block-post-featured-image\"><a href=\"https:\/\/ollerpintures.com\/ca\/ral-9016-el-blanc-perfecte-per-a-tots-els-espais\/\" target=\"_self\"  ><img decoding=\"async\" width=\"1024\" height=\"700\" src=\"https:\/\/ollerpintures.com\/wp-content\/uploads\/2024\/06\/blanco-trafico-ral-9016-para-decoracion-hogar_desktop.webp\" class=\"attachment-post-thumbnail size-post-thumbnail wp-post-image\" alt=\"RAL 9016, el blanc perfecte per a tots els espais\" style=\"object-fit:cover;\" srcset=\"https:\/\/ollerpintures.com\/wp-content\/uploads\/2024\/06\/blanco-trafico-ral-9016-para-decoracion-hogar_desktop.webp 1024w, https:\/\/ollerpintures.com\/wp-content\/uploads\/2024\/06\/blanco-trafico-ral-9016-para-decoracion-hogar_desktop-400x273.webp 400w, https:\/\/ollerpintures.com\/wp-content\/uploads\/2024\/06\/blanco-trafico-ral-9016-para-decoracion-hogar_desktop-768x525.webp 768w, https:\/\/ollerpintures.com\/wp-content\/uploads\/2024\/06\/blanco-trafico-ral-9016-para-decoracion-hogar_desktop-800x547.webp 800w\" sizes=\"(max-width: 1024px) 100vw, 1024px\" \/><\/a><\/figure>\n\n<div class=\"wp-block-post-excerpt\"><p class=\"wp-block-post-excerpt__excerpt\">El RAL 9016 \u00e9s un sorprenent to blanc clar conegut com a blanc tr\u00e0nsit, tant val en aplicacions residencials com professionals.<\/p><p class=\"wp-block-post-excerpt__more-text\"><a class=\"wp-block-post-excerpt__more-link\" href=\"https:\/\/ollerpintures.com\/ca\/ral-9016-el-blanc-perfecte-per-a-tots-els-espais\/\"><a href=\"https:\/\/ollerpintures.com\/manteniment-de-naus-i-sols-industrials\/\" target=\"_blank\" rel=\"noreferrer noopener\">Llegir m\u00e9s<\/a><\/a><\/p><\/div>\n<\/li><\/ul>\n\n\n<p><\/p>\n<\/div>\n\n\n\n<div style=\"height:10px\" aria-hidden=\"true\" class=\"wp-block-spacer\"><\/div>\n","protected":false},"excerpt":{"rendered":"<p>Troba la millor protecci\u00f3 contra el foc per formig\u00f3 entre els productes d&#8217;Oller Pintures. Protegeix estructures de formig\u00f3 del foc i treballa en un entorn &#8230; <\/p>\n<p class=\"read-more-container\"><a title=\"Pintura intumescent per formig\u00f3\" class=\"read-more button\" href=\"https:\/\/ollerpintures.com\/ca\/pintura-intumescent-per-formigo\/#more-15097\" aria-label=\"M\u00e9s informaci\u00f3 sobre Pintura intumescent per formig\u00f3\">Seguir llegint<\/a><\/p>\n","protected":false},"author":3,"featured_media":15100,"parent":0,"menu_order":0,"comment_status":"closed","ping_status":"closed","template":"","meta":{"_acf_changed":false,"footnotes":""},"class_list":{"0":"post-15097","1":"page","2":"type-page","3":"status-publish","4":"has-post-thumbnail","6":"no-featured-image-padding","7":"resize-featured-image"},"acf":[],"yoast_head":"<!-- This site is optimized with the Yoast SEO plugin v27.1.1 - https:\/\/yoast.com\/product\/yoast-seo-wordpress\/ -->\n<title>Pintura intumescent per formig\u00f3 - Oller Pinturas y Revestimientos<\/title>\n<meta name=\"description\" content=\"Pintura intumescent per formig\u00f3 per a professionals, ind\u00fastries, obres p\u00fabliques, bricolatge. Pintures de qualitat professional i molt m\u00e9s!\" \/>\n<meta name=\"robots\" content=\"index, follow, max-snippet:-1, max-image-preview:large, max-video-preview:-1\" \/>\n<link rel=\"canonical\" href=\"https:\/\/ollerpintures.com\/ca\/pintura-intumescent-per-formigo\/\" \/>\n<meta property=\"og:locale\" content=\"ca_ES\" \/>\n<meta property=\"og:type\" content=\"article\" \/>\n<meta property=\"og:title\" content=\"Pintures Intumescents per Fusta\" \/>\n<meta property=\"og:description\" content=\"Pintures Intumescents i Ign\u00edfugues de qualitat professional per protegir superf\u00edcies i estructures de fusta, del foc. PPCI, protecci\u00f3 contra el foc i seguretat gr\u00e0cies a les pintures intumescents i ign\u00edfugues que oferim als nostres clients.\" \/>\n<meta property=\"og:url\" content=\"https:\/\/ollerpintures.com\/ca\/pintura-intumescent-per-formigo\/\" \/>\n<meta property=\"og:site_name\" content=\"Oller Pinturas y Revestimientos\" \/>\n<meta property=\"article:publisher\" content=\"https:\/\/www.facebook.com\/people\/Oller-Pintures\/100063652056709\/\" \/>\n<meta property=\"article:modified_time\" content=\"2024-05-15T15:13:46+00:00\" \/>\n<meta property=\"og:image\" content=\"https:\/\/ollerpintures.com\/wp-content\/uploads\/2021\/10\/barniz-intumescente-cedria-b-19-madera-r90-online-oller-pintures.png\" \/>\n\t<meta property=\"og:image:width\" content=\"538\" \/>\n\t<meta property=\"og:image:height\" content=\"463\" \/>\n\t<meta property=\"og:image:type\" content=\"image\/png\" \/>\n<meta name=\"twitter:card\" content=\"summary_large_image\" \/>\n<meta name=\"twitter:title\" content=\"Pintures Intumescents per Fusta\" \/>\n<meta name=\"twitter:description\" content=\"Pintures Intumescents i Ign\u00edfugues de qualitat professional per protegir superf\u00edcies i estructures de fusta, del foc. PPCI, protecci\u00f3 contra el foc i seguretat gr\u00e0cies a les pintures intumescents i ign\u00edfugues que oferim als nostres clients.\" \/>\n<meta name=\"twitter:image\" content=\"https:\/\/ollerpintures.com\/wp-content\/uploads\/2021\/10\/barniz-intumescente-cedria-b-19-madera-r90-online-oller-pintures.png\" \/>\n<meta name=\"twitter:label1\" content=\"Temps estimat de lectura\" \/>\n\t<meta name=\"twitter:data1\" content=\"2 minuts\" \/>\n<script type=\"application\/ld+json\" class=\"yoast-schema-graph\">{\"@context\":\"https:\/\/schema.org\",\"@graph\":[{\"@type\":\"WebPage\",\"@id\":\"https:\/\/ollerpintures.com\/ca\/pintura-intumescent-per-formigo\/\",\"url\":\"https:\/\/ollerpintures.com\/ca\/pintura-intumescent-per-formigo\/\",\"name\":\"Pintura intumescent per formig\u00f3 - Oller Pinturas y Revestimientos\",\"isPartOf\":{\"@id\":\"https:\/\/ollerpintures.com\/ca\/#website\"},\"primaryImageOfPage\":{\"@id\":\"https:\/\/ollerpintures.com\/ca\/pintura-intumescent-per-formigo\/#primaryimage\"},\"image\":{\"@id\":\"https:\/\/ollerpintures.com\/ca\/pintura-intumescent-per-formigo\/#primaryimage\"},\"thumbnailUrl\":\"https:\/\/ollerpintures.com\/wp-content\/uploads\/2021\/10\/pintura-intumescente-para-hormigon-proteccion-contra-el-fuego-oller-pintures.jpg\",\"datePublished\":\"2021-10-26T09:46:36+00:00\",\"dateModified\":\"2024-05-15T15:13:46+00:00\",\"description\":\"Pintura intumescent per formig\u00f3 per a professionals, ind\u00fastries, obres p\u00fabliques, bricolatge. Pintures de qualitat professional i molt m\u00e9s!\",\"breadcrumb\":{\"@id\":\"https:\/\/ollerpintures.com\/ca\/pintura-intumescent-per-formigo\/#breadcrumb\"},\"inLanguage\":\"ca\",\"potentialAction\":[{\"@type\":\"ReadAction\",\"target\":[\"https:\/\/ollerpintures.com\/ca\/pintura-intumescent-per-formigo\/\"]}]},{\"@type\":\"ImageObject\",\"inLanguage\":\"ca\",\"@id\":\"https:\/\/ollerpintures.com\/ca\/pintura-intumescent-per-formigo\/#primaryimage\",\"url\":\"https:\/\/ollerpintures.com\/wp-content\/uploads\/2021\/10\/pintura-intumescente-para-hormigon-proteccion-contra-el-fuego-oller-pintures.jpg\",\"contentUrl\":\"https:\/\/ollerpintures.com\/wp-content\/uploads\/2021\/10\/pintura-intumescente-para-hormigon-proteccion-contra-el-fuego-oller-pintures.jpg\",\"width\":269,\"height\":187,\"caption\":\"pintura intumescent per formig\u00f3 ablanite euroqu\u00edmica\"},{\"@type\":\"BreadcrumbList\",\"@id\":\"https:\/\/ollerpintures.com\/ca\/pintura-intumescent-per-formigo\/#breadcrumb\",\"itemListElement\":[{\"@type\":\"ListItem\",\"position\":1,\"name\":\"Inici\",\"item\":\"https:\/\/ollerpintures.com\/ca\/\"},{\"@type\":\"ListItem\",\"position\":2,\"name\":\"Pintura intumescent per formig\u00f3\"}]},{\"@type\":\"WebSite\",\"@id\":\"https:\/\/ollerpintures.com\/ca\/#website\",\"url\":\"https:\/\/ollerpintures.com\/ca\/\",\"name\":\"Oller Pinturas y Revestimientos\",\"description\":\"Pinturas y revestimientos para profesionales, industrias, obras p\u00fablicas, bricolaje. Pinturas de calidad profesional i mucho m\u00e1s.\",\"publisher\":{\"@id\":\"https:\/\/ollerpintures.com\/ca\/#organization\"},\"alternateName\":\"Oller Grup\",\"potentialAction\":[{\"@type\":\"SearchAction\",\"target\":{\"@type\":\"EntryPoint\",\"urlTemplate\":\"https:\/\/ollerpintures.com\/ca\/?s={search_term_string}\"},\"query-input\":{\"@type\":\"PropertyValueSpecification\",\"valueRequired\":true,\"valueName\":\"search_term_string\"}}],\"inLanguage\":\"ca\"},{\"@type\":\"Organization\",\"@id\":\"https:\/\/ollerpintures.com\/ca\/#organization\",\"name\":\"Oller Pintures i Revestiments\",\"alternateName\":\"Oller Grup\",\"url\":\"https:\/\/ollerpintures.com\/ca\/\",\"logo\":{\"@type\":\"ImageObject\",\"inLanguage\":\"ca\",\"@id\":\"https:\/\/ollerpintures.com\/ca\/#\/schema\/logo\/image\/\",\"url\":\"https:\/\/ollerpintures.com\/wp-content\/uploads\/2024\/05\/newLogo.png\",\"contentUrl\":\"https:\/\/ollerpintures.com\/wp-content\/uploads\/2024\/05\/newLogo.png\",\"width\":483,\"height\":244,\"caption\":\"Oller Pintures i Revestiments\"},\"image\":{\"@id\":\"https:\/\/ollerpintures.com\/ca\/#\/schema\/logo\/image\/\"},\"sameAs\":[\"https:\/\/www.facebook.com\/people\/Oller-Pintures\/100063652056709\/\",\"https:\/\/www.instagram.com\/ollerpintures\/\",\"https:\/\/descriptor.es\/organization\/oller-grup\/\"]}]}<\/script>\n<!-- \/ Yoast SEO plugin. -->","yoast_head_json":{"title":"Pintura intumescent per formig\u00f3 - Oller Pinturas y Revestimientos","description":"Pintura intumescent per formig\u00f3 per a professionals, ind\u00fastries, obres p\u00fabliques, bricolatge. Pintures de qualitat professional i molt m\u00e9s!","robots":{"index":"index","follow":"follow","max-snippet":"max-snippet:-1","max-image-preview":"max-image-preview:large","max-video-preview":"max-video-preview:-1"},"canonical":"https:\/\/ollerpintures.com\/ca\/pintura-intumescent-per-formigo\/","og_locale":"ca_ES","og_type":"article","og_title":"Pintures Intumescents per Fusta","og_description":"Pintures Intumescents i Ign\u00edfugues de qualitat professional per protegir superf\u00edcies i estructures de fusta, del foc. PPCI, protecci\u00f3 contra el foc i seguretat gr\u00e0cies a les pintures intumescents i ign\u00edfugues que oferim als nostres clients.","og_url":"https:\/\/ollerpintures.com\/ca\/pintura-intumescent-per-formigo\/","og_site_name":"Oller Pinturas y Revestimientos","article_publisher":"https:\/\/www.facebook.com\/people\/Oller-Pintures\/100063652056709\/","article_modified_time":"2024-05-15T15:13:46+00:00","og_image":[{"width":538,"height":463,"url":"https:\/\/ollerpintures.com\/wp-content\/uploads\/2021\/10\/barniz-intumescente-cedria-b-19-madera-r90-online-oller-pintures.png","type":"image\/png"}],"twitter_card":"summary_large_image","twitter_title":"Pintures Intumescents per Fusta","twitter_description":"Pintures Intumescents i Ign\u00edfugues de qualitat professional per protegir superf\u00edcies i estructures de fusta, del foc. PPCI, protecci\u00f3 contra el foc i seguretat gr\u00e0cies a les pintures intumescents i ign\u00edfugues que oferim als nostres clients.","twitter_image":"https:\/\/ollerpintures.com\/wp-content\/uploads\/2021\/10\/barniz-intumescente-cedria-b-19-madera-r90-online-oller-pintures.png","twitter_misc":{"Temps estimat de lectura":"2 minuts"},"schema":{"@context":"https:\/\/schema.org","@graph":[{"@type":"WebPage","@id":"https:\/\/ollerpintures.com\/ca\/pintura-intumescent-per-formigo\/","url":"https:\/\/ollerpintures.com\/ca\/pintura-intumescent-per-formigo\/","name":"Pintura intumescent per formig\u00f3 - Oller Pinturas y Revestimientos","isPartOf":{"@id":"https:\/\/ollerpintures.com\/ca\/#website"},"primaryImageOfPage":{"@id":"https:\/\/ollerpintures.com\/ca\/pintura-intumescent-per-formigo\/#primaryimage"},"image":{"@id":"https:\/\/ollerpintures.com\/ca\/pintura-intumescent-per-formigo\/#primaryimage"},"thumbnailUrl":"https:\/\/ollerpintures.com\/wp-content\/uploads\/2021\/10\/pintura-intumescente-para-hormigon-proteccion-contra-el-fuego-oller-pintures.jpg","datePublished":"2021-10-26T09:46:36+00:00","dateModified":"2024-05-15T15:13:46+00:00","description":"Pintura intumescent per formig\u00f3 per a professionals, ind\u00fastries, obres p\u00fabliques, bricolatge. Pintures de qualitat professional i molt m\u00e9s!","breadcrumb":{"@id":"https:\/\/ollerpintures.com\/ca\/pintura-intumescent-per-formigo\/#breadcrumb"},"inLanguage":"ca","potentialAction":[{"@type":"ReadAction","target":["https:\/\/ollerpintures.com\/ca\/pintura-intumescent-per-formigo\/"]}]},{"@type":"ImageObject","inLanguage":"ca","@id":"https:\/\/ollerpintures.com\/ca\/pintura-intumescent-per-formigo\/#primaryimage","url":"https:\/\/ollerpintures.com\/wp-content\/uploads\/2021\/10\/pintura-intumescente-para-hormigon-proteccion-contra-el-fuego-oller-pintures.jpg","contentUrl":"https:\/\/ollerpintures.com\/wp-content\/uploads\/2021\/10\/pintura-intumescente-para-hormigon-proteccion-contra-el-fuego-oller-pintures.jpg","width":269,"height":187,"caption":"pintura intumescent per formig\u00f3 ablanite euroqu\u00edmica"},{"@type":"BreadcrumbList","@id":"https:\/\/ollerpintures.com\/ca\/pintura-intumescent-per-formigo\/#breadcrumb","itemListElement":[{"@type":"ListItem","position":1,"name":"Inici","item":"https:\/\/ollerpintures.com\/ca\/"},{"@type":"ListItem","position":2,"name":"Pintura intumescent per formig\u00f3"}]},{"@type":"WebSite","@id":"https:\/\/ollerpintures.com\/ca\/#website","url":"https:\/\/ollerpintures.com\/ca\/","name":"Oller Pinturas y Revestimientos","description":"Pinturas y revestimientos para profesionales, industrias, obras p\u00fablicas, bricolaje. Pinturas de calidad profesional i mucho m\u00e1s.","publisher":{"@id":"https:\/\/ollerpintures.com\/ca\/#organization"},"alternateName":"Oller Grup","potentialAction":[{"@type":"SearchAction","target":{"@type":"EntryPoint","urlTemplate":"https:\/\/ollerpintures.com\/ca\/?s={search_term_string}"},"query-input":{"@type":"PropertyValueSpecification","valueRequired":true,"valueName":"search_term_string"}}],"inLanguage":"ca"},{"@type":"Organization","@id":"https:\/\/ollerpintures.com\/ca\/#organization","name":"Oller Pintures i Revestiments","alternateName":"Oller Grup","url":"https:\/\/ollerpintures.com\/ca\/","logo":{"@type":"ImageObject","inLanguage":"ca","@id":"https:\/\/ollerpintures.com\/ca\/#\/schema\/logo\/image\/","url":"https:\/\/ollerpintures.com\/wp-content\/uploads\/2024\/05\/newLogo.png","contentUrl":"https:\/\/ollerpintures.com\/wp-content\/uploads\/2024\/05\/newLogo.png","width":483,"height":244,"caption":"Oller Pintures i Revestiments"},"image":{"@id":"https:\/\/ollerpintures.com\/ca\/#\/schema\/logo\/image\/"},"sameAs":["https:\/\/www.facebook.com\/people\/Oller-Pintures\/100063652056709\/","https:\/\/www.instagram.com\/ollerpintures\/","https:\/\/descriptor.es\/organization\/oller-grup\/"]}]}},"_links":{"self":[{"href":"https:\/\/ollerpintures.com\/ca\/wp-json\/wp\/v2\/pages\/15097","targetHints":{"allow":["GET"]}}],"collection":[{"href":"https:\/\/ollerpintures.com\/ca\/wp-json\/wp\/v2\/pages"}],"about":[{"href":"https:\/\/ollerpintures.com\/ca\/wp-json\/wp\/v2\/types\/page"}],"author":[{"embeddable":true,"href":"https:\/\/ollerpintures.com\/ca\/wp-json\/wp\/v2\/users\/3"}],"replies":[{"embeddable":true,"href":"https:\/\/ollerpintures.com\/ca\/wp-json\/wp\/v2\/comments?post=15097"}],"version-history":[{"count":1,"href":"https:\/\/ollerpintures.com\/ca\/wp-json\/wp\/v2\/pages\/15097\/revisions"}],"predecessor-version":[{"id":25777,"href":"https:\/\/ollerpintures.com\/ca\/wp-json\/wp\/v2\/pages\/15097\/revisions\/25777"}],"wp:featuredmedia":[{"embeddable":true,"href":"https:\/\/ollerpintures.com\/ca\/wp-json\/wp\/v2\/media\/15100"}],"wp:attachment":[{"href":"https:\/\/ollerpintures.com\/ca\/wp-json\/wp\/v2\/media?parent=15097"}],"curies":[{"name":"wp","href":"https:\/\/api.w.org\/{rel}","templated":true}]}}