{"id":13547,"date":"2021-09-15T11:46:52","date_gmt":"2021-09-15T10:46:52","guid":{"rendered":"https:\/\/oller-pintures.c.wetopi.com\/?page_id=13547"},"modified":"2023-08-29T16:24:03","modified_gmt":"2023-08-29T15:24:03","slug":"maquinaria-professional","status":"publish","type":"page","link":"https:\/\/ollerpintures.com\/ca\/maquinaria-professional\/","title":{"rendered":"Maquin\u00e0ria Professional"},"content":{"rendered":"\n<p><br>M\u00e0quines i aparells per professionals: <strong>pulidores, abrasius, aspiradores, hidronetejadores<\/strong>&#8230; i tot el que puguis necessitar per dur a terme la teva activitat professional amb total <strong>comoditat <\/strong>i <strong>rendibilitat<\/strong>.<\/p>\n\n\n\n<p>Portem m\u00e9s de 55 anys treballant amb pintors i ind\u00fastries de tots els sectors: <strong><mark style=\"background-color:rgba(0, 0, 0, 0)\" class=\"has-inline-color has-luminous-vivid-orange-color\">sabem el que necessites i quina \u00e9s la millor soluci\u00f3 per tu!<\/mark><\/strong><\/p>\n\n\n\n<h2 class=\"wp-block-heading has-text-align-left\"><strong>Maquin\u00e0ria <\/strong><mark style=\"background-color:rgba(0, 0, 0, 0);color:#46b939\" class=\"has-inline-color\"><strong>FESTOOL<\/strong>  <\/mark><\/h2>\n\n\n\n<div class=\"wp-block-columns is-layout-flex wp-container-core-columns-is-layout-9d6595d7 wp-block-columns-is-layout-flex\">\n<div class=\"wp-block-column is-layout-flow wp-block-column-is-layout-flow\">\n<p><strong>FESTOOL <\/strong>treballa per <strong>facilitar la feina als professionals <\/strong>i aconseguir el<strong> major resultat amb la m\u00e0xima rapidesa<\/strong>. Totes les eines <strong>FESTOOL <\/strong>estan dissenyades i desenvolupades a partir de la pr\u00e0ctica. Especialistes en <strong>fusteria, ebanisteria, construcci\u00f3 en fusta, vernissat, renovaci\u00f3 i sanejament<\/strong>.  <\/p>\n\n\n\n<pre class=\"wp-block-preformatted\">Pots trobar productes FESTOOL a la nostra botiga online<\/pre>\n\n\n\n<div class=\"wp-block-buttons is-layout-flex wp-block-buttons-is-layout-flex\">\n<div class=\"wp-block-button\"><a class=\"wp-block-button__link wp-element-button\" href=\"https:\/\/ollerpintures.com\/ca\/marca\/festool\/\" style=\"border-radius:0px\">ANAR A BOTIGA ONLINE<\/a><\/div>\n<\/div>\n<\/div>\n\n\n\n<div class=\"wp-block-column is-vertically-aligned-center is-layout-flow wp-block-column-is-layout-flow\">\n<figure class=\"wp-block-image size-large\"><img decoding=\"async\" width=\"1024\" height=\"300\" src=\"https:\/\/ollerpintures.com\/wp-content\/uploads\/2021\/09\/festool-maquina-maquinaria-profesional-aspiradora-lijadora-abrasivo-pulidora-mecanica-calidad-comprar-oller-pintures-1024x300.jpg\" alt=\"maquinaria Festool\" class=\"wp-image-13551\" srcset=\"https:\/\/ollerpintures.com\/wp-content\/uploads\/2021\/09\/festool-maquina-maquinaria-profesional-aspiradora-lijadora-abrasivo-pulidora-mecanica-calidad-comprar-oller-pintures-1024x300.jpg 1024w, https:\/\/ollerpintures.com\/wp-content\/uploads\/2021\/09\/festool-maquina-maquinaria-profesional-aspiradora-lijadora-abrasivo-pulidora-mecanica-calidad-comprar-oller-pintures-400x117.jpg 400w, https:\/\/ollerpintures.com\/wp-content\/uploads\/2021\/09\/festool-maquina-maquinaria-profesional-aspiradora-lijadora-abrasivo-pulidora-mecanica-calidad-comprar-oller-pintures-768x225.jpg 768w, https:\/\/ollerpintures.com\/wp-content\/uploads\/2021\/09\/festool-maquina-maquinaria-profesional-aspiradora-lijadora-abrasivo-pulidora-mecanica-calidad-comprar-oller-pintures-1536x449.jpg 1536w, https:\/\/ollerpintures.com\/wp-content\/uploads\/2021\/09\/festool-maquina-maquinaria-profesional-aspiradora-lijadora-abrasivo-pulidora-mecanica-calidad-comprar-oller-pintures-800x234.jpg 800w, https:\/\/ollerpintures.com\/wp-content\/uploads\/2021\/09\/festool-maquina-maquinaria-profesional-aspiradora-lijadora-abrasivo-pulidora-mecanica-calidad-comprar-oller-pintures.jpg 1665w\" sizes=\"(max-width: 1024px) 100vw, 1024px\" \/><\/figure>\n<\/div>\n<\/div>\n\n\n\n<div style=\"height:45px\" aria-hidden=\"true\" class=\"wp-block-spacer\"><\/div>\n\n\n\n<h2 class=\"wp-block-heading has-text-align-left\"><strong>Maquin\u00e0ria <span style=\"color:#eeb82c\" class=\"has-inline-color\">STANLEY<\/span><\/strong><\/h2>\n\n\n\n<div class=\"wp-block-columns is-layout-flex wp-container-core-columns-is-layout-9d6595d7 wp-block-columns-is-layout-flex\">\n<div class=\"wp-block-column is-layout-flow wp-block-column-is-layout-flow\">\n<p>Maquin\u00e0ria i eines per millorar el rendiment de la teva activitat i fer-te els processos m\u00e9s c\u00f2modes: neteja superf\u00edcies i materials de la manera m\u00e9s r\u00e0pida possible, gr\u00e0cies a les mangueres d&#8217;aigua d&#8217;alta pressi\u00f3 STANLEY.  <\/p>\n\n\n\n<p><strong><mark style=\"background-color:rgba(0, 0, 0, 0)\" class=\"has-inline-color has-luminous-vivid-orange-color\">Tenim la m\u00e0quina que busques i necessites<\/mark><\/strong>, nom\u00e9s cal que <strong>contactis directament amb nosaltres i ens la demanis<\/strong>. Indica el n\u00famero de refer\u00e8ncia <strong>STANLEY <\/strong>i la quantitat desitjada i aconsegueix-la amb total comoditat: <strong>recollida a botiga o servei d&#8217;entrega on ens indiquis<\/strong>. <\/p>\n\n\n\n<pre class=\"wp-block-preformatted\">Pots trobar productes STANLEY a la nostra botiga online<\/pre>\n\n\n\n<div class=\"wp-block-buttons is-layout-flex wp-block-buttons-is-layout-flex\">\n<div class=\"wp-block-button\"><a class=\"wp-block-button__link wp-element-button\" href=\"https:\/\/ollerpintures.com\/ca\/marca\/stanley\/\" style=\"border-radius:0px\" target=\"_blank\" rel=\"noreferrer noopener\">ANAR A BOTIGA ONLINE<\/a><\/div>\n<\/div>\n<\/div>\n\n\n\n<div class=\"wp-block-column is-vertically-aligned-center is-layout-flow wp-block-column-is-layout-flow\">\n<figure class=\"wp-block-image size-full is-resized\"><img decoding=\"async\" src=\"https:\/\/ollerpintures.com\/wp-content\/uploads\/2021\/06\/maquinas-para-pintar-online-oller-pintura.jpg\" alt=\"maquinaria professional\" class=\"wp-image-11839\" width=\"450\" height=\"450\" srcset=\"https:\/\/ollerpintures.com\/wp-content\/uploads\/2021\/06\/maquinas-para-pintar-online-oller-pintura.jpg 600w, https:\/\/ollerpintures.com\/wp-content\/uploads\/2021\/06\/maquinas-para-pintar-online-oller-pintura-290x290.jpg 290w, https:\/\/ollerpintures.com\/wp-content\/uploads\/2021\/06\/maquinas-para-pintar-online-oller-pintura-150x150.jpg 150w, https:\/\/ollerpintures.com\/wp-content\/uploads\/2021\/06\/maquinas-para-pintar-online-oller-pintura-100x100.jpg 100w\" sizes=\"(max-width: 450px) 100vw, 450px\" \/><\/figure>\n<\/div>\n<\/div>\n\n\n\n<div style=\"height:66px\" aria-hidden=\"true\" class=\"wp-block-spacer\"><\/div>\n\n\n\n<div class=\"wp-block-columns is-layout-flex wp-container-core-columns-is-layout-9d6595d7 wp-block-columns-is-layout-flex\">\n<div class=\"wp-block-column is-layout-flow wp-block-column-is-layout-flow\">\n<hr class=\"wp-block-separator has-alpha-channel-opacity is-style-default\"\/>\n<\/div>\n\n\n\n<div class=\"wp-block-column is-layout-flow wp-block-column-is-layout-flow\">\n<h2 class=\"wp-block-heading has-text-align-center has-text-color\" style=\"color:#ff6a00\">DEMANA PRESSUPOST A MIDA<\/h2>\n<\/div>\n\n\n\n<div class=\"wp-block-column is-layout-flow wp-block-column-is-layout-flow\">\n<hr class=\"wp-block-separator has-alpha-channel-opacity is-style-default\"\/>\n<\/div>\n<\/div>\n\n\n\n<div class=\"wp-block-columns is-layout-flex wp-container-core-columns-is-layout-9d6595d7 wp-block-columns-is-layout-flex\">\n<div class=\"wp-block-column is-layout-flow wp-block-column-is-layout-flow\">\n<h2 class=\"wp-block-heading\">Contacta amb nosaltres<\/h2>\n\n\n\n<p>Demana&#8217;ns pressupost personalitzat sense comprom\u00eds a trav\u00e9s del seg\u00fcent formulari  o visita&#8217;ns a qualsevol de les nostres 7 botigues.<\/p>\n\n\n\n<p><strong><a href=\"https:\/\/ollerpintures.com\/ca\/contacte-oller-pintures\/#botigues\">VEURE BOTIGUES<\/a><\/strong><\/p>\n<\/div>\n\n\n\n<div class=\"wp-block-column is-layout-flow wp-block-column-is-layout-flow\">\n<div class=\"wp-block-contact-form-7-contact-form-selector\">\n<div class=\"wpcf7 no-js\" id=\"wpcf7-f3205-o1\" lang=\"es-ES\" dir=\"ltr\" data-wpcf7-id=\"3205\">\n<div class=\"screen-reader-response\"><p role=\"status\" aria-live=\"polite\" aria-atomic=\"true\"><\/p> <ul><\/ul><\/div>\n<form action=\"\/ca\/wp-json\/wp\/v2\/pages\/13547#wpcf7-f3205-o1\" method=\"post\" class=\"wpcf7-form init\" aria-label=\"Formulario de contacto\" novalidate=\"novalidate\" data-status=\"init\">\n<fieldset class=\"hidden-fields-container\"><input type=\"hidden\" name=\"_wpcf7\" value=\"3205\" \/><input type=\"hidden\" name=\"_wpcf7_version\" value=\"6.1.5\" \/><input type=\"hidden\" name=\"_wpcf7_locale\" value=\"es_ES\" \/><input type=\"hidden\" name=\"_wpcf7_unit_tag\" value=\"wpcf7-f3205-o1\" \/><input type=\"hidden\" name=\"_wpcf7_container_post\" value=\"0\" \/><input type=\"hidden\" name=\"_wpcf7_posted_data_hash\" value=\"\" \/><input type=\"hidden\" name=\"_wpcf7_recaptcha_response\" value=\"\" \/>\n<\/fieldset>\n<div class=\"grid-50 tablet-grid-50 mobile-grid-100\">\n\t<div class=\"etiqueta\">\n\t\t<p>Nom\n\t\t<\/p>\n\t<\/div>\n\t<p><span class=\"wpcf7-form-control-wrap\" data-name=\"your-name\"><input size=\"40\" maxlength=\"400\" class=\"wpcf7-form-control wpcf7-text wpcf7-validates-as-required\" aria-required=\"true\" aria-invalid=\"false\" value=\"\" type=\"text\" name=\"your-name\" \/><\/span>\n\t<\/p>\n<\/div>\n<div class=\"grid-50 tablet-grid-50 mobile-grid-100\">\n\t<div class=\"etiqueta\">\n\t\t<p>Tel\u00e8fon\n\t\t<\/p>\n\t<\/div>\n\t<p><span class=\"wpcf7-form-control-wrap\" data-name=\"your-phone\"><input size=\"40\" maxlength=\"400\" class=\"wpcf7-form-control wpcf7-text\" aria-invalid=\"false\" value=\"\" type=\"text\" name=\"your-phone\" \/><\/span>\n\t<\/p>\n<\/div>\n<div class=\"grid-100 tablet-grid-100 mobile-grid-100\">\n\t<div class=\"etiqueta\">\n\t\t<p>Correu electr\u00f2nic\n\t\t<\/p>\n\t<\/div>\n\t<p><span class=\"wpcf7-form-control-wrap\" data-name=\"your-email\"><input size=\"40\" maxlength=\"400\" class=\"wpcf7-form-control wpcf7-email wpcf7-validates-as-required wpcf7-text wpcf7-validates-as-email\" aria-required=\"true\" aria-invalid=\"false\" value=\"\" type=\"email\" name=\"your-email\" \/><\/span>\n\t<\/p>\n<\/div>\n<div class=\"grid-100 tablet-grid-100 mobile-grid-100\">\n\t<div class=\"etiqueta\">\n\t\t<p>Consulta\n\t\t<\/p>\n\t<\/div>\n\t<p><span class=\"wpcf7-form-control-wrap\" data-name=\"your-message\"><textarea cols=\"40\" rows=\"10\" maxlength=\"2000\" class=\"wpcf7-form-control wpcf7-textarea wpcf7-validates-as-required\" aria-required=\"true\" aria-invalid=\"false\" name=\"your-message\"><\/textarea><\/span>\n\t<\/p>\n<\/div>\n<div class=\"grid-100 tablet-grid-100 mobile-grid-100\">\n\t<p><span class=\"wpcf7-form-control-wrap\" data-name=\"politica\"><span class=\"wpcf7-form-control wpcf7-acceptance\"><span class=\"wpcf7-list-item\"><label><input type=\"checkbox\" name=\"politica\" value=\"1\" aria-invalid=\"false\" \/><span class=\"wpcf7-list-item-label\">He llegit i compr\u00e8s les condicions sota les quals s'efectuen els tractaments de dades personals, tal i com es descriu a la <a href=\"\/ca\/politica-de-privacitat\" target=\"_blank\">pol\u00edtica de privacitat<\/a>.<\/span><\/label><\/span><\/span><\/span>\n\t<\/p>\n\t<p><span class=\"wpcf7-form-control-wrap\" data-name=\"comercial\"><span class=\"wpcf7-form-control wpcf7-acceptance optional\"><span class=\"wpcf7-list-item\"><label><input type=\"checkbox\" name=\"comercial\" value=\"1\" aria-invalid=\"false\" \/><span class=\"wpcf7-list-item-label\">Desitjo rebre informaci\u00f3 comercial d'Oller Pintures, segons els condicionants descrits a la <a href=\"\/ca\/politica-de-privacitat\" target=\"_blank\">pol\u00edtica de privacitat<\/a>, que he llegit i accepto.<\/span><\/label><\/span><\/span><\/span>\n\t<\/p>\n<\/div>\n<span class=\"wpcf7-form-control-wrap recaptcha\" data-name=\"recaptcha\"><span data-sitekey=\"6LewUbQpAAAAALYztnlmK95go3uubvJ90Wf24m5m\" class=\"wpcf7-form-control wpcf7-recaptcha g-recaptcha\"><\/span>\r\n<noscript>\r\n\t<div class=\"grecaptcha-noscript\">\r\n\t\t<iframe loading=\"lazy\" src=\"https:\/\/www.google.com\/recaptcha\/api\/fallback?k=6LewUbQpAAAAALYztnlmK95go3uubvJ90Wf24m5m\" frameborder=\"0\" scrolling=\"no\" width=\"310\" height=\"430\">\r\n\t\t<\/iframe>\r\n\t\t<textarea name=\"g-recaptcha-response\" rows=\"3\" cols=\"40\" placeholder=\"Aqu\u00ed la respuesta de reCAPTCHA\">\r\n\t\t<\/textarea>\r\n\t<\/div>\r\n<\/noscript>\r\n<\/span>\n<div class=\"grid-100 tablet-grid-100 mobile-grid-100\" style=\"margin-top:15px;\">\n\t<p><input class=\"wpcf7-form-control wpcf7-submit has-spinner\" type=\"submit\" value=\"envia\" \/>\n\t<\/p>\n<\/div>\n<p><small>Aquest lloc est\u00e0 protegit per reCAPTCHA i s'apliquen la <a href=\"https:\/\/policies.google.com\/privacy\">pol\u00edtica de privacitat<\/a> i <a href=\"https:\/\/policies.google.com\/terms\">els termes del servei<\/a> de Google.<br \/>\n<\/small>\n<\/p><input type='hidden' class='wpcf7-pum' value='{\"closepopup\":false,\"closedelay\":0,\"openpopup\":false,\"openpopup_id\":0}' \/><div class=\"wpcf7-response-output\" aria-hidden=\"true\"><\/div>\n<\/form>\n<\/div>\n<\/div>\n<\/div>\n<\/div>\n\n\n\n<div style=\"height:10px\" aria-hidden=\"true\" class=\"wp-block-spacer\"><\/div>\n","protected":false},"excerpt":{"rendered":"<p>M\u00e0quines i aparells per professionals: pulidores, abrasius, aspiradores, hidronetejadores&#8230; i tot el que puguis necessitar per dur a terme la teva activitat professional amb total &#8230; <\/p>\n<p class=\"read-more-container\"><a title=\"Maquin\u00e0ria Professional\" class=\"read-more button\" href=\"https:\/\/ollerpintures.com\/ca\/maquinaria-professional\/#more-13547\" aria-label=\"M\u00e9s informaci\u00f3 sobre Maquin\u00e0ria Professional\">Seguir llegint<\/a><\/p>\n","protected":false},"author":3,"featured_media":12839,"parent":0,"menu_order":0,"comment_status":"closed","ping_status":"closed","template":"","meta":{"_acf_changed":false,"footnotes":""},"class_list":{"0":"post-13547","1":"page","2":"type-page","3":"status-publish","4":"has-post-thumbnail","6":"no-featured-image-padding","7":"resize-featured-image"},"acf":[],"yoast_head":"<!-- This site is optimized with the Yoast SEO plugin v27.1.1 - https:\/\/yoast.com\/product\/yoast-seo-wordpress\/ -->\n<title>Maquin\u00e0ria Professional - Oller Pinturas y Revestimientos<\/title>\n<meta name=\"description\" content=\"Oller Pinturas y Revestimientos per a professionals, ind\u00fastries, obres p\u00fabliques, bricolatge. Pintures de qualitat professional i molt m\u00e9s!\" \/>\n<meta name=\"robots\" content=\"index, follow, max-snippet:-1, max-image-preview:large, max-video-preview:-1\" \/>\n<link rel=\"canonical\" href=\"https:\/\/ollerpintures.com\/ca\/maquinaria-professional\/\" \/>\n<meta property=\"og:locale\" content=\"ca_ES\" \/>\n<meta property=\"og:type\" content=\"article\" \/>\n<meta property=\"og:title\" content=\"Maquin\u00e0ria Professional\" \/>\n<meta property=\"og:description\" content=\"A Oller Pintures et proporcionem els accessoris i maquin\u00e0ria que necessites per dur a terme la teva activitat professional amb \u00e8xit i total comoditat.\" \/>\n<meta property=\"og:url\" content=\"https:\/\/ollerpintures.com\/ca\/maquinaria-professional\/\" \/>\n<meta property=\"og:site_name\" content=\"Oller Pinturas y Revestimientos\" \/>\n<meta property=\"article:publisher\" content=\"https:\/\/www.facebook.com\/people\/Oller-Pintures\/100063652056709\/\" \/>\n<meta property=\"article:modified_time\" content=\"2023-08-29T15:24:03+00:00\" \/>\n<meta property=\"og:image\" content=\"https:\/\/ollerpintures.com\/wp-content\/uploads\/2021\/08\/amoladora-saneamiento-rg-130-e-set-dia-hd-festool-comprar-online-oller-maquinaria-para-azulejo.jpg\" \/>\n\t<meta property=\"og:image:width\" content=\"1080\" \/>\n\t<meta property=\"og:image:height\" content=\"1080\" \/>\n\t<meta property=\"og:image:type\" content=\"image\/jpeg\" \/>\n<meta name=\"twitter:card\" content=\"summary_large_image\" \/>\n<meta name=\"twitter:title\" content=\"Maquin\u00e0ria Professional\" \/>\n<meta name=\"twitter:description\" content=\"A Oller Pintures et proporcionem els accessoris i maquin\u00e0ria que necessites per dur a terme la teva activitat professional amb \u00e8xit i total comoditat.\" \/>\n<meta name=\"twitter:image\" content=\"https:\/\/ollerpintures.com\/wp-content\/uploads\/2021\/08\/amoladora-saneamiento-rg-130-e-set-dia-hd-festool-comprar-online-oller-maquinaria-para-azulejo.jpg\" \/>\n<meta name=\"twitter:label1\" content=\"Temps estimat de lectura\" \/>\n\t<meta name=\"twitter:data1\" content=\"2 minuts\" \/>\n<script type=\"application\/ld+json\" class=\"yoast-schema-graph\">{\"@context\":\"https:\/\/schema.org\",\"@graph\":[{\"@type\":\"WebPage\",\"@id\":\"https:\/\/ollerpintures.com\/ca\/maquinaria-professional\/\",\"url\":\"https:\/\/ollerpintures.com\/ca\/maquinaria-professional\/\",\"name\":\"Maquin\u00e0ria Professional - Oller Pinturas y Revestimientos\",\"isPartOf\":{\"@id\":\"https:\/\/ollerpintures.com\/ca\/#website\"},\"primaryImageOfPage\":{\"@id\":\"https:\/\/ollerpintures.com\/ca\/maquinaria-professional\/#primaryimage\"},\"image\":{\"@id\":\"https:\/\/ollerpintures.com\/ca\/maquinaria-professional\/#primaryimage\"},\"thumbnailUrl\":\"https:\/\/ollerpintures.com\/wp-content\/uploads\/2021\/08\/amoladora-saneamiento-rg-130-e-set-dia-hd-festool-comprar-online-oller-maquinaria-para-azulejo.jpg\",\"datePublished\":\"2021-09-15T10:46:52+00:00\",\"dateModified\":\"2023-08-29T15:24:03+00:00\",\"description\":\"Oller Pinturas y Revestimientos per a professionals, ind\u00fastries, obres p\u00fabliques, bricolatge. Pintures de qualitat professional i molt m\u00e9s!\",\"breadcrumb\":{\"@id\":\"https:\/\/ollerpintures.com\/ca\/maquinaria-professional\/#breadcrumb\"},\"inLanguage\":\"ca\",\"potentialAction\":[{\"@type\":\"ReadAction\",\"target\":[\"https:\/\/ollerpintures.com\/ca\/maquinaria-professional\/\"]}]},{\"@type\":\"ImageObject\",\"inLanguage\":\"ca\",\"@id\":\"https:\/\/ollerpintures.com\/ca\/maquinaria-professional\/#primaryimage\",\"url\":\"https:\/\/ollerpintures.com\/wp-content\/uploads\/2021\/08\/amoladora-saneamiento-rg-130-e-set-dia-hd-festool-comprar-online-oller-maquinaria-para-azulejo.jpg\",\"contentUrl\":\"https:\/\/ollerpintures.com\/wp-content\/uploads\/2021\/08\/amoladora-saneamiento-rg-130-e-set-dia-hd-festool-comprar-online-oller-maquinaria-para-azulejo.jpg\",\"width\":1080,\"height\":1080,\"caption\":\"amoladora saneamiento RG 130 E-Set DIA HD\"},{\"@type\":\"BreadcrumbList\",\"@id\":\"https:\/\/ollerpintures.com\/ca\/maquinaria-professional\/#breadcrumb\",\"itemListElement\":[{\"@type\":\"ListItem\",\"position\":1,\"name\":\"Inici\",\"item\":\"https:\/\/ollerpintures.com\/ca\/\"},{\"@type\":\"ListItem\",\"position\":2,\"name\":\"Maquin\u00e0ria Professional\"}]},{\"@type\":\"WebSite\",\"@id\":\"https:\/\/ollerpintures.com\/ca\/#website\",\"url\":\"https:\/\/ollerpintures.com\/ca\/\",\"name\":\"Oller Pinturas y Revestimientos\",\"description\":\"Pinturas y revestimientos para profesionales, industrias, obras p\u00fablicas, bricolaje. Pinturas de calidad profesional i mucho m\u00e1s.\",\"publisher\":{\"@id\":\"https:\/\/ollerpintures.com\/ca\/#organization\"},\"alternateName\":\"Oller Grup\",\"potentialAction\":[{\"@type\":\"SearchAction\",\"target\":{\"@type\":\"EntryPoint\",\"urlTemplate\":\"https:\/\/ollerpintures.com\/ca\/?s={search_term_string}\"},\"query-input\":{\"@type\":\"PropertyValueSpecification\",\"valueRequired\":true,\"valueName\":\"search_term_string\"}}],\"inLanguage\":\"ca\"},{\"@type\":\"Organization\",\"@id\":\"https:\/\/ollerpintures.com\/ca\/#organization\",\"name\":\"Oller Pintures i Revestiments\",\"alternateName\":\"Oller Grup\",\"url\":\"https:\/\/ollerpintures.com\/ca\/\",\"logo\":{\"@type\":\"ImageObject\",\"inLanguage\":\"ca\",\"@id\":\"https:\/\/ollerpintures.com\/ca\/#\/schema\/logo\/image\/\",\"url\":\"https:\/\/ollerpintures.com\/wp-content\/uploads\/2024\/05\/newLogo.png\",\"contentUrl\":\"https:\/\/ollerpintures.com\/wp-content\/uploads\/2024\/05\/newLogo.png\",\"width\":483,\"height\":244,\"caption\":\"Oller Pintures i Revestiments\"},\"image\":{\"@id\":\"https:\/\/ollerpintures.com\/ca\/#\/schema\/logo\/image\/\"},\"sameAs\":[\"https:\/\/www.facebook.com\/people\/Oller-Pintures\/100063652056709\/\",\"https:\/\/www.instagram.com\/ollerpintures\/\",\"https:\/\/descriptor.es\/organization\/oller-grup\/\"]}]}<\/script>\n<!-- \/ Yoast SEO plugin. -->","yoast_head_json":{"title":"Maquin\u00e0ria Professional - Oller Pinturas y Revestimientos","description":"Oller Pinturas y Revestimientos per a professionals, ind\u00fastries, obres p\u00fabliques, bricolatge. Pintures de qualitat professional i molt m\u00e9s!","robots":{"index":"index","follow":"follow","max-snippet":"max-snippet:-1","max-image-preview":"max-image-preview:large","max-video-preview":"max-video-preview:-1"},"canonical":"https:\/\/ollerpintures.com\/ca\/maquinaria-professional\/","og_locale":"ca_ES","og_type":"article","og_title":"Maquin\u00e0ria Professional","og_description":"A Oller Pintures et proporcionem els accessoris i maquin\u00e0ria que necessites per dur a terme la teva activitat professional amb \u00e8xit i total comoditat.","og_url":"https:\/\/ollerpintures.com\/ca\/maquinaria-professional\/","og_site_name":"Oller Pinturas y Revestimientos","article_publisher":"https:\/\/www.facebook.com\/people\/Oller-Pintures\/100063652056709\/","article_modified_time":"2023-08-29T15:24:03+00:00","og_image":[{"width":1080,"height":1080,"url":"https:\/\/ollerpintures.com\/wp-content\/uploads\/2021\/08\/amoladora-saneamiento-rg-130-e-set-dia-hd-festool-comprar-online-oller-maquinaria-para-azulejo.jpg","type":"image\/jpeg"}],"twitter_card":"summary_large_image","twitter_title":"Maquin\u00e0ria Professional","twitter_description":"A Oller Pintures et proporcionem els accessoris i maquin\u00e0ria que necessites per dur a terme la teva activitat professional amb \u00e8xit i total comoditat.","twitter_image":"https:\/\/ollerpintures.com\/wp-content\/uploads\/2021\/08\/amoladora-saneamiento-rg-130-e-set-dia-hd-festool-comprar-online-oller-maquinaria-para-azulejo.jpg","twitter_misc":{"Temps estimat de lectura":"2 minuts"},"schema":{"@context":"https:\/\/schema.org","@graph":[{"@type":"WebPage","@id":"https:\/\/ollerpintures.com\/ca\/maquinaria-professional\/","url":"https:\/\/ollerpintures.com\/ca\/maquinaria-professional\/","name":"Maquin\u00e0ria Professional - Oller Pinturas y Revestimientos","isPartOf":{"@id":"https:\/\/ollerpintures.com\/ca\/#website"},"primaryImageOfPage":{"@id":"https:\/\/ollerpintures.com\/ca\/maquinaria-professional\/#primaryimage"},"image":{"@id":"https:\/\/ollerpintures.com\/ca\/maquinaria-professional\/#primaryimage"},"thumbnailUrl":"https:\/\/ollerpintures.com\/wp-content\/uploads\/2021\/08\/amoladora-saneamiento-rg-130-e-set-dia-hd-festool-comprar-online-oller-maquinaria-para-azulejo.jpg","datePublished":"2021-09-15T10:46:52+00:00","dateModified":"2023-08-29T15:24:03+00:00","description":"Oller Pinturas y Revestimientos per a professionals, ind\u00fastries, obres p\u00fabliques, bricolatge. Pintures de qualitat professional i molt m\u00e9s!","breadcrumb":{"@id":"https:\/\/ollerpintures.com\/ca\/maquinaria-professional\/#breadcrumb"},"inLanguage":"ca","potentialAction":[{"@type":"ReadAction","target":["https:\/\/ollerpintures.com\/ca\/maquinaria-professional\/"]}]},{"@type":"ImageObject","inLanguage":"ca","@id":"https:\/\/ollerpintures.com\/ca\/maquinaria-professional\/#primaryimage","url":"https:\/\/ollerpintures.com\/wp-content\/uploads\/2021\/08\/amoladora-saneamiento-rg-130-e-set-dia-hd-festool-comprar-online-oller-maquinaria-para-azulejo.jpg","contentUrl":"https:\/\/ollerpintures.com\/wp-content\/uploads\/2021\/08\/amoladora-saneamiento-rg-130-e-set-dia-hd-festool-comprar-online-oller-maquinaria-para-azulejo.jpg","width":1080,"height":1080,"caption":"amoladora saneamiento RG 130 E-Set DIA HD"},{"@type":"BreadcrumbList","@id":"https:\/\/ollerpintures.com\/ca\/maquinaria-professional\/#breadcrumb","itemListElement":[{"@type":"ListItem","position":1,"name":"Inici","item":"https:\/\/ollerpintures.com\/ca\/"},{"@type":"ListItem","position":2,"name":"Maquin\u00e0ria Professional"}]},{"@type":"WebSite","@id":"https:\/\/ollerpintures.com\/ca\/#website","url":"https:\/\/ollerpintures.com\/ca\/","name":"Oller Pinturas y Revestimientos","description":"Pinturas y revestimientos para profesionales, industrias, obras p\u00fablicas, bricolaje. Pinturas de calidad profesional i mucho m\u00e1s.","publisher":{"@id":"https:\/\/ollerpintures.com\/ca\/#organization"},"alternateName":"Oller Grup","potentialAction":[{"@type":"SearchAction","target":{"@type":"EntryPoint","urlTemplate":"https:\/\/ollerpintures.com\/ca\/?s={search_term_string}"},"query-input":{"@type":"PropertyValueSpecification","valueRequired":true,"valueName":"search_term_string"}}],"inLanguage":"ca"},{"@type":"Organization","@id":"https:\/\/ollerpintures.com\/ca\/#organization","name":"Oller Pintures i Revestiments","alternateName":"Oller Grup","url":"https:\/\/ollerpintures.com\/ca\/","logo":{"@type":"ImageObject","inLanguage":"ca","@id":"https:\/\/ollerpintures.com\/ca\/#\/schema\/logo\/image\/","url":"https:\/\/ollerpintures.com\/wp-content\/uploads\/2024\/05\/newLogo.png","contentUrl":"https:\/\/ollerpintures.com\/wp-content\/uploads\/2024\/05\/newLogo.png","width":483,"height":244,"caption":"Oller Pintures i Revestiments"},"image":{"@id":"https:\/\/ollerpintures.com\/ca\/#\/schema\/logo\/image\/"},"sameAs":["https:\/\/www.facebook.com\/people\/Oller-Pintures\/100063652056709\/","https:\/\/www.instagram.com\/ollerpintures\/","https:\/\/descriptor.es\/organization\/oller-grup\/"]}]}},"_links":{"self":[{"href":"https:\/\/ollerpintures.com\/ca\/wp-json\/wp\/v2\/pages\/13547","targetHints":{"allow":["GET"]}}],"collection":[{"href":"https:\/\/ollerpintures.com\/ca\/wp-json\/wp\/v2\/pages"}],"about":[{"href":"https:\/\/ollerpintures.com\/ca\/wp-json\/wp\/v2\/types\/page"}],"author":[{"embeddable":true,"href":"https:\/\/ollerpintures.com\/ca\/wp-json\/wp\/v2\/users\/3"}],"replies":[{"embeddable":true,"href":"https:\/\/ollerpintures.com\/ca\/wp-json\/wp\/v2\/comments?post=13547"}],"version-history":[{"count":3,"href":"https:\/\/ollerpintures.com\/ca\/wp-json\/wp\/v2\/pages\/13547\/revisions"}],"predecessor-version":[{"id":25771,"href":"https:\/\/ollerpintures.com\/ca\/wp-json\/wp\/v2\/pages\/13547\/revisions\/25771"}],"wp:featuredmedia":[{"embeddable":true,"href":"https:\/\/ollerpintures.com\/ca\/wp-json\/wp\/v2\/media\/12839"}],"wp:attachment":[{"href":"https:\/\/ollerpintures.com\/ca\/wp-json\/wp\/v2\/media?parent=13547"}],"curies":[{"name":"wp","href":"https:\/\/api.w.org\/{rel}","templated":true}]}}